{"id":102,"date":"2014-10-18T16:10:40","date_gmt":"2014-10-18T15:10:40","guid":{"rendered":"http:\/\/ateneumanises.com\/es\/?page_id=102"},"modified":"2020-07-16T17:10:58","modified_gmt":"2020-07-16T16:10:58","slug":"aviso-legal","status":"publish","type":"page","link":"https:\/\/ateneumanises.com\/es\/aviso-legal\/","title":{"rendered":"Aviso legal"},"content":{"rendered":"<p>[et_pb_section fb_built=\u00bb1&#8243; _builder_version=\u00bb4.0.6&#8243; top_divider_style=\u00bbslant2&#8243; top_divider_color=\u00bb#000000&#8243; top_divider_height=\u00bb59px\u00bb top_divider_flip=\u00bbhorizontal\u00bb][et_pb_row _builder_version=\u00bb3.25&#8243; background_size=\u00bbinitial\u00bb background_position=\u00bbtop_left\u00bb background_repeat=\u00bbrepeat\u00bb][et_pb_column type=\u00bb4_4&#8243; _builder_version=\u00bb3.25&#8243; custom_padding=\u00bb|||\u00bb custom_padding__hover=\u00bb|||\u00bb][et_pb_text _builder_version=\u00bb4.0.6&#8243; background_size=\u00bbinitial\u00bb background_position=\u00bbtop_left\u00bb background_repeat=\u00bbrepeat\u00bb text_orientation=\u00bbjustified\u00bb hover_enabled=\u00bb0&#8243;]<\/p>\n<p><b>1.\u00a0\u00a0\u00a0\u00a0 <\/b><u><\/u><b>Informaci\u00f3n Legal<u><\/u><u><\/u><\/b><\/p>\n<p>En cumplimiento de lo establecido en el art\u00edculo 10 de la Ley 34\/2002, de 11 de julio, de Servicios de la Sociedad de la Informaci\u00f3n y de Comercio Electr\u00f3nico (en adelante, LSSI-CE), se informa de modo expreso, preciso e inequ\u00edvoco, tanto a los usuarios, destinatarios del servicio, como a los \u00f3rganos competentes, de los siguientes aspectos relativos al prestador de servicios de la sociedad de la informaci\u00f3n:<u><\/u><u><\/u><\/p>\n<p><u><\/u>\u00a0<u><\/u><\/p>\n<table border=\"1\" cellspacing=\"0\" cellpadding=\"0\">\n<tbody>\n<tr>\n<td valign=\"top\" width=\"140\">\n<p>Identidad &#8211;\u00a0Entidad<u><\/u><u><\/u><\/p>\n<\/td>\n<td valign=\"top\" width=\"419\">\n<p>ATENEU CULTURAL CIUTAT DE MANISES<u><\/u><u><\/u><\/p>\n<\/td>\n<\/tr>\n<tr>\n<td valign=\"top\" width=\"140\">\n<p>CIF\/NIF<u><\/u><u><\/u><\/p>\n<\/td>\n<td valign=\"top\" width=\"419\">\n<p>G98074578<u><\/u><u><\/u><\/p>\n<\/td>\n<\/tr>\n<tr>\n<td valign=\"top\" width=\"140\">\n<p>Direcci\u00f3n postal<u><\/u><u><\/u><\/p>\n<\/td>\n<td valign=\"top\" width=\"419\">\n<p><a href=\"https:\/\/www.google.com\/maps\/search\/C%2F+Fray+Salvador+Mollar+Ventura,+7?entry=gmail&amp;source=g\">C\/ Fray Salvador Mollar Ventura, 7<\/a>\u00a0B, CP 46940, Manises (Valencia)<u><\/u><u><\/u><\/p>\n<\/td>\n<\/tr>\n<tr>\n<td valign=\"top\" width=\"140\">\n<p>Tel\u00e9fono<u><\/u><u><\/u><\/p>\n<\/td>\n<td valign=\"top\" width=\"419\">\n<p>96 109 53 07<u><\/u><u><\/u><\/p>\n<\/td>\n<\/tr>\n<tr>\n<td valign=\"top\" width=\"140\">\n<p>Correo electr\u00f3nico<u><\/u><u><\/u><\/p>\n<\/td>\n<td valign=\"top\" width=\"419\">\n<p><a href=\"mailto:secretaria@ateneumanises.com\" target=\"_blank\" rel=\"noopener noreferrer\">secretaria@ateneumanises.com<\/a><u><\/u><u><\/u><\/p>\n<\/td>\n<\/tr>\n<tr>\n<td valign=\"top\" width=\"140\">\n<p>Objeto Social<u><\/u><u><\/u><\/p>\n<\/td>\n<td valign=\"top\" width=\"419\">\n<p>Asociaci\u00f3n y Escuela de Arte.<u><\/u><u><\/u><\/p>\n<\/td>\n<\/tr>\n<tr>\n<td valign=\"top\" width=\"140\">\n<p>Sitio web<u><\/u><u><\/u><\/p>\n<\/td>\n<td valign=\"top\" width=\"419\">\n<p><a href=\"https:\/\/ateneumanises.com\/es\/\" target=\"_blank\" rel=\"noopener noreferrer\" data-saferedirecturl=\"https:\/\/www.google.com\/url?hl=es&amp;q=https:\/\/ateneumanises.com\/es\/&amp;source=gmail&amp;ust=1595001986674000&amp;usg=AFQjCNEONA6VpJry1mYUv3mw-9pXpxD-2w\">https:\/\/ateneumanises.com\/es\/<\/a><u><\/u><u><\/u><\/p>\n<\/td>\n<\/tr>\n<tr>\n<td valign=\"top\" width=\"140\">\n<p>Datos registrales<u><\/u><u><\/u><\/p>\n<\/td>\n<td valign=\"top\" width=\"419\">\n<p>Inscrita en el Registro de Asociaciones de Valencia: CV-01-043370-V<u><\/u><u><\/u><\/p>\n<\/td>\n<\/tr>\n<\/tbody>\n<\/table>\n<p><u><\/u>\u00a0<u><\/u><\/p>\n<p class=\"m_-6739883143850970327MsoListParagraph\"><u><\/u><b>2.\u00a0\u00a0\u00a0\u00a0\u00a0<\/b><u><\/u><b>Condiciones Generales de Uso<u><\/u><u><\/u><\/b><\/p>\n<p>El acceso a nuestra P\u00e1gina Web \/ Blog\u00a0(en adelante Sitio Web)\u00a0es libre y gratuito para todas las personas, sin que para ello sea necesario realizar una suscripci\u00f3n o contrataci\u00f3n previa de alg\u00fan servicio proporcionado por nuestra entidad.<u><\/u><u><\/u><\/p>\n<p>El usuario que utilice o navegue por nuestro sitio web acepta de manera impl\u00edcita las condiciones de uso y dem\u00e1s especificaciones del presente Aviso Legal.<u><\/u><u><\/u><\/p>\n<p>Todas aquellas personas que accedan a nuestro sitio web est\u00e1n obligadas a hacer un uso basado en la buena fe, el respeto a la ley y a las obligaciones contenidas en el presente Aviso Legal.<u><\/u><u><\/u><\/p>\n<p>Asimismo, el usuario se compromete a hacer un buen uso de sus claves de acceso, as\u00ed como no introducir contenidos injuriosos o calumniosos en nuestro sitio web. Tampoco bloquear o da\u00f1ar de forma temporal o definitiva las funcionalidades, contenidos o infraestructura de la web que la perjudiquen en su uso.<u><\/u><u><\/u><\/p>\n<p>En caso de incumplimiento total y\/o parcial por parte del usuario de las condiciones de uso o cualquier otra especificaci\u00f3n de este Aviso Legal, nuestra entidad se reserva el derecho de denegar el acceso a nuestro sitio web, sin previo aviso al usuario infractor, as\u00ed como la toma de medidas legales en defensa de nuestros intereses.<u><\/u><u><\/u><\/p>\n<p><u><\/u>\u00a0<u><\/u><\/p>\n<p class=\"m_-6739883143850970327MsoListParagraph\"><u><\/u><b>3.\u00a0\u00a0\u00a0\u00a0\u00a0<\/b><u><\/u><b>Propiedad Intelectual<u><\/u><u><\/u><\/b><\/p>\n<p>El c\u00f3digo fuente, los dise\u00f1os gr\u00e1ficos, las im\u00e1genes, las fotograf\u00edas, los sonidos, las animaciones, el software, los textos, as\u00ed como la informaci\u00f3n y los contenidos que se recogen en el presente sitio web est\u00e1n protegidos por la legislaci\u00f3n espa\u00f1ola sobre los derechos de propiedad intelectual e industrial a favor de nuestra entidad.<u><\/u><u><\/u><\/p>\n<p>No se permite la reproducci\u00f3n y\/o publicaci\u00f3n, total o parcial, del sitio web de nuestra entidad, ni su tratamiento inform\u00e1tico, su distribuci\u00f3n, su difusi\u00f3n, ni su modificaci\u00f3n, transformaci\u00f3n o descompilaci\u00f3n, ni dem\u00e1s derechos reconocidos legalmente a su titular, sin el permiso previo y por escrito de nuestra entidad.<u><\/u><u><\/u><\/p>\n<p>No se permite la reproducci\u00f3n y\/o publicaci\u00f3n, total o parcial, del logotipo de nuestra entidad, ni su tratamiento inform\u00e1tico, su distribuci\u00f3n, su difusi\u00f3n, ni su modificaci\u00f3n, transformaci\u00f3n o descompilaci\u00f3n, ni dem\u00e1s derechos reconocidos legalmente a su titular, sin el permiso previo y por escrito de nuestra entidad.<u><\/u><u><\/u><\/p>\n<p>El usuario, \u00fanica y exclusivamente, puede utilizar el material que aparezca en este sitio web para su uso personal y privado, quedando prohibido su uso con fines profesionales, comerciales o para incurrir en actividades il\u00edcitas. Todos los derechos derivados de la propiedad intelectual est\u00e1n expresamente reservados por nuestra entidad.<u><\/u><u><\/u><\/p>\n<p>Nuestra entidad velar\u00e1 por el cumplimiento de las anteriores condiciones como por la debida utilizaci\u00f3n de los contenidos presentados en sus p\u00e1ginas web y logotipo respectivamente, ejercitando todas las acciones civiles y penales que le correspondan en el caso de infracci\u00f3n o incumplimiento de estos derechos por parte del usuario.<u><\/u><u><\/u><\/p>\n<p><u><\/u>\u00a0<u><\/u><\/p>\n<p class=\"m_-6739883143850970327MsoListParagraph\"><u><\/u><b>4.\u00a0\u00a0\u00a0\u00a0\u00a0<\/b><u><\/u><b>Uso de cookies y modificaciones en el Sitio Web<u><\/u><u><\/u><\/b><\/p>\n<p>Nuestro sitio web utiliza cookies y\/o tecnolog\u00edas similares que almacenan y recuperan informaci\u00f3n cuando navega. En general, estas tecnolog\u00edas pueden servir para finalidades muy diversas, como, por ejemplo, reconocerle como usuario, obtener informaci\u00f3n sobre sus h\u00e1bitos de navegaci\u00f3n, enviarle publicidad o personalizar la forma en que se muestra el contenido<u><\/u><u><\/u><\/p>\n<p>Para conocer los tipos de cookies que utiliza nuestro sitio web, le invitamos a que consulte nuestra\u00a0<a href=\"https:\/\/ateneumanises.com\/es\/cookies\/\" target=\"_blank\" rel=\"noopener noreferrer\" data-saferedirecturl=\"https:\/\/www.google.com\/url?hl=es&amp;q=https:\/\/ateneumanises.com\/es\/cookies\/&amp;source=gmail&amp;ust=1595001986674000&amp;usg=AFQjCNHuGZgrreK_BJQGejnV1fvcLCeGKg\">Pol\u00edtica de Cookies.<\/a><u><\/u><u><\/u><\/p>\n<p>Nuestra entidad podr\u00e1 modificar, sin previo aviso, la informaci\u00f3n contenida en su sitio web, as\u00ed como su configuraci\u00f3n y presentaci\u00f3n.<u><\/u><u><\/u><\/p>\n<p><u><\/u>\u00a0<u><\/u><\/p>\n<p class=\"m_-6739883143850970327MsoListParagraph\"><u><\/u><b>5.\u00a0\u00a0\u00a0\u00a0\u00a0<\/b><u><\/u><b>Compromisos con el usuario<u><\/u><u><\/u><\/b><\/p>\n<p>Nuestra entidad se compromete a trav\u00e9s de este medio a NO REALIZAR PUBLICIDAD ENGA\u00d1OSA. A estos efectos, por lo tanto, no ser\u00e1n considerados como publicidad enga\u00f1osa los errores formales o num\u00e9ricos que puedan encontrarse a lo largo del contenido de las distintas secciones de esta web, producidos como consecuencia de un mantenimiento y\/o actualizaci\u00f3n incompleta o defectuosa de la informaci\u00f3n contenida es estas secciones. Nuestra entidad, como consecuencia de lo dispuesto en este apartado, se compromete a corregirlo tan pronto como tenga conocimiento de dichos errores.<u><\/u><u><\/u><\/p>\n<p>Nuestra entidad se compromete a NO REMITIR COMUNICACIONES COMERCIALES SIN IDENTIFICARLAS COMO TALES, conforme a lo dispuesto en la Ley 34\/2002 de Servicios de la Sociedad de la Informaci\u00f3n y de comercio electr\u00f3nico. A estos efectos, no ser\u00e1 considerado como comunicaci\u00f3n comercial toda la informaci\u00f3n que se env\u00ede a nuestros clientes, siempre que tenga por finalidad el mantenimiento de la relaci\u00f3n contractual existente entre cliente y nuestra entidad, as\u00ed como el desempe\u00f1o de las tareas de informaci\u00f3n, formaci\u00f3n y otras actividades propias del servicio que el cliente tiene contratado con la empresa.<u><\/u><u><\/u><\/p>\n<p><u><\/u>\u00a0<u><\/u><\/p>\n<p class=\"m_-6739883143850970327MsoListParagraph\"><u><\/u><b>6.\u00a0\u00a0\u00a0\u00a0\u00a0<\/b><u><\/u><b>Compromiso de protecci\u00f3n de datos personales<u><\/u><u><\/u><\/b><\/p>\n<p>Nuestra entidad se compromete a realizar el tratamiento de cualquier dato personal bajo el estricto cumplimiento de lo dispuesto en el Reglamento General de Protecci\u00f3n de Datos Personales (RGPD 2016\/679) y la Ley Org\u00e1nica 3\/2018, de 5 de diciembre, de protecci\u00f3n de datos personales y garant\u00edas de los derechos digitales (LOPDPGDD).<u><\/u><u><\/u><\/p>\n<p>Para m\u00e1s informaci\u00f3n, invitamos a todos los usuarios a consultar nuestra\u00a0<a href=\"https:\/\/ateneumanises.com\/es\/politica-proteccion-datos\/\" target=\"_blank\" rel=\"noopener noreferrer\" data-saferedirecturl=\"https:\/\/www.google.com\/url?hl=es&amp;q=https:\/\/ateneumanises.com\/es\/politica-proteccion-datos\/&amp;source=gmail&amp;ust=1595001986675000&amp;usg=AFQjCNFH65kte1WbpcDhrCVxmidtdm1VIA\">Pol\u00edtica de Privacidad.<\/a><\/p>\n<p><u><\/u><\/p>\n<p><u><\/u>\u00a0<u><\/u><\/p>\n<p class=\"m_-6739883143850970327MsoListParagraph\"><u><\/u><b>7.\u00a0\u00a0\u00a0\u00a0\u00a0<\/b><u><\/u><b>Incumplimientos y Responsabilidades<u><\/u><u><\/u><\/b><\/p>\n<p>Nuestra entidad no se hace responsable del incumplimiento de cualquier norma aplicable en que pueda incurrir el usuario en su acceso al presente sitio web y\/o en el uso de las informaciones contenidas en el mismo.<u><\/u><u><\/u><\/p>\n<p>Nuestra entidad no ser\u00e1 responsable de los da\u00f1os y perjuicios producidos o que puedan producirse, cualquiera que sea su naturaleza, que se deriven del uso de la informaci\u00f3n, de las materias contenidas en este sitio web y de los programas que incorpora. Los enlaces (Links) e hipertexto que posibiliten, a trav\u00e9s del sitio web, acceder al usuario a prestaciones y servicios ofrecidos por terceros, no pertenecen ni se encuentran bajo el control de nuestra entidad, por lo que no nos hacemos responsables ni de la informaci\u00f3n contenida en los mismos ni de cualesquiera efectos que pudieran derivarse de dicha informaci\u00f3n.<u><\/u><u><\/u><\/p>\n<p>Nuestra entidad no se hace responsable del uso ileg\u00edtimo que terceras personas puedan hacer de los nombres de marca, nombres de producto, marcas comerciales que, no siendo propiedad de nuestra entidad, aparezcan en el presente sitio web. Tampoco se responsabiliza de la integridad, veracidad y licitud del contenido de los enlaces a las webs a las que pueda accederse desde el presente sitio web.<u><\/u><u><\/u><\/p>\n<p>En definitiva, el Usuario es el \u00fanico responsable del uso que realice de los servicios, contenidos, enlaces (links) e hipertexto incluidos en el presente sitio web.<u><\/u><u><\/u><\/p>\n<p><u><\/u>\u00a0<u><\/u><\/p>\n<p class=\"m_-6739883143850970327MsoListParagraph\"><u><\/u><b>8.\u00a0\u00a0\u00a0\u00a0\u00a0<\/b><u><\/u><b>Legislaci\u00f3n Aplicable y Fuero Jurisdiccional<u><\/u><u><\/u><\/b><\/p>\n<p>Para toda cuesti\u00f3n legal o que incumba a los sitios Web que dependan de nuestra entidad, ser\u00e1 de aplicaci\u00f3n la legislaci\u00f3n espa\u00f1ola, siendo competentes para la resoluci\u00f3n de todos los conflictos derivados o relacionados con el uso de del presente sitio Web, los Juzgados y Tribunales en base a la competencia territorial que corresponda.\u00a0<u><\/u><u><\/u><\/p>\n<p><u><\/u>\u00a0<u><\/u><\/p>\n<p align=\"right\">Actualizado el\u00a015 de julio de 2020<\/p>\n<p>[\/et_pb_text][\/et_pb_column][\/et_pb_row][\/et_pb_section]<\/p>\n","protected":false},"excerpt":{"rendered":"<p>1.\u00a0\u00a0\u00a0\u00a0 Informaci\u00f3n Legal En cumplimiento de lo establecido en el art\u00edculo 10 de la Ley 34\/2002, de 11 de julio, de Servicios de la Sociedad de la Informaci\u00f3n y de Comercio Electr\u00f3nico (en adelante, LSSI-CE), se informa de modo expreso, preciso e inequ\u00edvoco, tanto a los usuarios, destinatarios del servicio, como a los \u00f3rganos competentes, [&hellip;]<\/p>\n","protected":false},"author":1,"featured_media":0,"parent":0,"menu_order":0,"comment_status":"closed","ping_status":"closed","template":"","meta":{"_et_pb_use_builder":"on","_et_pb_old_content":"<p><strong>Informaci\u00f3n de la Empresa<\/strong><\/p><p>Denominaci\u00f3n: Ateneu Cultural Ciutat de Manises<br \/>C\/ Fray Salvador Mollar Ventura 7 B<br \/>46940 Manises (Valencia) Spain<br \/>Tel. 96 109 53 07<\/p><p><strong>Condiciones de uso de la p\u00e1gina Web<\/strong><br \/>La utilizaci\u00f3n de esta p\u00e1gina Web atribuye la condici\u00f3n de Usuario a quien lo haga e implica la aceptaci\u00f3n de todas las condiciones incluidas en este Aviso Legal. El Usuario deber\u00e1 leer estas condiciones cada vez que acceda a esta Web, ya que pueden ser modificadas en lo sucesivo. Algunos aspectos de esta p\u00e1gina Web, por su especialidad, pueden estar sujetos a condiciones o reglas particulares que pueden sustituir, completar o modificar este Aviso Legal, por lo que tambi\u00e9n deben ser aceptadas por el Usuario que los utilice o acceda a ellos.<\/p><p><strong>Propiedad Intelectual<\/strong><\/p><p>Todos los contenidos de esta Web (textos, fotograf\u00edas, gr\u00e1ficos, im\u00e1genes, tecnolog\u00eda, software, links, contenidos audiovisuales o sonoros, dise\u00f1o gr\u00e1fico, c\u00f3digo fuente, etc.), as\u00ed como las marcas y dem\u00e1s signos distintivos son propiedad de Ateneu Cultural Ciutat de Manises o de terceros, no adquiriendo el Usuario ning\u00fan derecho sobre ellos por el mero uso de esta Web.<\/p><p>Queda prohibido el uso de esta Web con la finalidad de lesionar bienes, derechos o intereses de Ateneu Cultural Ciutat de Manises o de terceros. Queda igualmente prohibido realizar cualquier otro uso de esta Web que altere, da\u00f1e o inutilice las redes, servidores, equipos, productos y programas inform\u00e1ticos de Ateneu Cultural Ciutat de Manises\u00a0 o de terceros.<\/p><p>El Usuario, deber\u00e1 abstenerse de: a) reproducir, copiar, distribuir, poner a disposici\u00f3n de terceros, comunicar p\u00fablicamente, transformar o modificar los contenidos de esta Web, salvo en los casos contemplados en la ley o expresamente autorizados por Ateneu Cultural Ciutat de Manises o por el titular de dichos derechos; b) reproducir o copiar para uso privado el software o las bases de datos existentes en esta Web, as\u00ed como comunicarlos p\u00fablicamente o ponerlos a disposici\u00f3n de terceros cuando ello conlleve su reproducci\u00f3n; c) extraer o reutilizar todo o parte sustancial de los contenidos integrantes de esta Web.<\/p><p><strong>Protecci\u00f3n de Datos<\/strong><\/p><p>De conformidad con lo que establece la Ley Org\u00e1nica 15\/1999 de Protecci\u00f3n de Datos de Car\u00e1cter Personal, Ateneu Cultural Ciutat de Manises informa a los usuarios de su Web de que los datos personales recabados por la empresa mediante los formularios sitos en su p\u00e1gina, ser\u00e1n introducidos en un fichero automatizado bajo la responsabilidad de Ateneu Cultural Ciutat de Manises, con la finalidad de poder facilitar, agilizar y cumplir los compromisos establecidos entre ambas partes.<\/p><p>As\u00ed mismo,\u00a0 Ateneu Cultural Ciutat de Manises informa de la posibilidad de ejercer los derechos de acceso, cancelaci\u00f3n, rectificaci\u00f3n y oposici\u00f3n mediante un escrito a la direcci\u00f3n Ateneu Cultural Ciutat de Manises, C\/ Fray Salvador Mollar Ventura 7 B, 46940 Manises (Valencia) Spain<\/p><p>Mientras no nos comunique lo contrario, entenderemos que sus datos no han sido modificados, que usted se compromete a notificarnos cualquier variaci\u00f3n y que tenemos el consentimiento para utilizarlos a fin de poder fidelizar la relaci\u00f3n entre las partes.<\/p><p><strong>Acciones Legales, Legislaci\u00f3n aplicable y Jurisdicci\u00f3n<\/strong><\/p><p>El presente Aviso Legal se rige \u00edntegramente por la legislaci\u00f3n espa\u00f1ola, someti\u00e9ndose las partes a la jurisdicci\u00f3n de los tribunales de Valencia Capital. El Usuario se compromete a hacer un uso correcto de esta Web de conformidad con la Ley, con el presente Aviso Legal, as\u00ed como con las dem\u00e1s condiciones, reglamentos e instrucciones que, en su caso, pudieran ser de aplicaci\u00f3n El Usuario responder\u00e1 frente a\u00a0 Ateneu Cultural Ciutat de Manises y frente a terceros, de cualesquiera da\u00f1os o perjuicios que pudieran causarse por incumplimiento de estas obligaciones.<\/p>","_et_gb_content_width":"","footnotes":""},"class_list":["post-102","page","type-page","status-publish","hentry"],"_links":{"self":[{"href":"https:\/\/ateneumanises.com\/es\/wp-json\/wp\/v2\/pages\/102","targetHints":{"allow":["GET"]}}],"collection":[{"href":"https:\/\/ateneumanises.com\/es\/wp-json\/wp\/v2\/pages"}],"about":[{"href":"https:\/\/ateneumanises.com\/es\/wp-json\/wp\/v2\/types\/page"}],"author":[{"embeddable":true,"href":"https:\/\/ateneumanises.com\/es\/wp-json\/wp\/v2\/users\/1"}],"replies":[{"embeddable":true,"href":"https:\/\/ateneumanises.com\/es\/wp-json\/wp\/v2\/comments?post=102"}],"version-history":[{"count":4,"href":"https:\/\/ateneumanises.com\/es\/wp-json\/wp\/v2\/pages\/102\/revisions"}],"predecessor-version":[{"id":5355,"href":"https:\/\/ateneumanises.com\/es\/wp-json\/wp\/v2\/pages\/102\/revisions\/5355"}],"wp:attachment":[{"href":"https:\/\/ateneumanises.com\/es\/wp-json\/wp\/v2\/media?parent=102"}],"curies":[{"name":"wp","href":"https:\/\/api.w.org\/{rel}","templated":true}]}}