{"id":1124,"date":"2016-10-19T19:49:29","date_gmt":"2016-10-19T18:49:29","guid":{"rendered":"http:\/\/ateneumanises.com\/es\/?page_id=1124"},"modified":"2025-10-30T10:19:18","modified_gmt":"2025-10-30T09:19:18","slug":"socios-honor","status":"publish","type":"page","link":"https:\/\/ateneumanises.com\/es\/socios-honor\/","title":{"rendered":"Socios de Honor"},"content":{"rendered":"<p>[et_pb_section fb_built=\u00bb1&#8243; _builder_version=\u00bb4.16&#8243; custom_padding=\u00bb||6px|||\u00bb top_divider_color=\u00bb#000000&#8243; top_divider_height=\u00bb60px\u00bb top_divider_flip=\u00bbhorizontal\u00bb global_colors_info=\u00bb{}\u00bb][et_pb_row _builder_version=\u00bb4.27.0&#8243; background_size=\u00bbinitial\u00bb background_position=\u00bbtop_left\u00bb background_repeat=\u00bbrepeat\u00bb min_height=\u00bb229px\u00bb custom_margin=\u00bb||-159px||false|false\u00bb custom_padding=\u00bb||24px|||\u00bb global_colors_info=\u00bb{}\u00bb][et_pb_column type=\u00bb4_4&#8243; _builder_version=\u00bb4.16&#8243; custom_padding=\u00bb|||\u00bb global_colors_info=\u00bb{}\u00bb custom_padding__hover=\u00bb|||\u00bb][et_pb_text _builder_version=\u00bb4.25.0&#8243; background_size=\u00bbinitial\u00bb background_position=\u00bbtop_left\u00bb background_repeat=\u00bbrepeat\u00bb global_colors_info=\u00bb{}\u00bb]<\/p>\n<h1 style=\"text-align: center;\">SOCIOS DE HONOR<\/h1>\n<p>[\/et_pb_text][\/et_pb_column][\/et_pb_row][et_pb_row _builder_version=\u00bb4.16&#8243; background_size=\u00bbinitial\u00bb background_position=\u00bbtop_left\u00bb background_repeat=\u00bbrepeat\u00bb min_height=\u00bb229px\u00bb custom_padding=\u00bb||24px|||\u00bb global_colors_info=\u00bb{}\u00bb][et_pb_column type=\u00bb4_4&#8243; _builder_version=\u00bb4.16&#8243; custom_padding=\u00bb|||\u00bb global_colors_info=\u00bb{}\u00bb custom_padding__hover=\u00bb|||\u00bb][\/et_pb_column][\/et_pb_row][\/et_pb_section][et_pb_section fb_built=\u00bb1&#8243; prev_background_color=\u00bb#ffffff\u00bb _builder_version=\u00bb4.25.0&#8243; background_color=\u00bb#eaeaea\u00bb custom_margin=\u00bb-172px||||false|false\u00bb custom_padding=\u00bb49px||16px|||\u00bb top_divider_style=\u00bbslant2&#8243; top_divider_height=\u00bb58px\u00bb top_divider_flip=\u00bbhorizontal\u00bb global_colors_info=\u00bb{}\u00bb][et_pb_row column_structure=\u00bb1_4,1_4,1_4,1_4&#8243; make_equal=\u00bbon\u00bb _builder_version=\u00bb4.27.0&#8243; width=\u00bb79%\u00bb min_height=\u00bb473px\u00bb border_radii=\u00bbon|11px|11px|11px|11px\u00bb global_colors_info=\u00bb{}\u00bb][et_pb_column type=\u00bb1_4&#8243; _builder_version=\u00bb4.27.0&#8243; background_enable_color=\u00bboff\u00bb custom_padding=\u00bb15px|12px||15px|false|false\u00bb global_colors_info=\u00bb{}\u00bb][et_pb_text _builder_version=\u00bb4.27.0&#8243; text_font_size=\u00bb15px\u00bb text_letter_spacing=\u00bb1px\u00bb text_line_height=\u00bb2.2em\u00bb global_colors_info=\u00bb{}\u00bb]&nbsp;<\/p>\n<p>&nbsp;<\/p>\n<p>&nbsp;<\/p>\n<p>&nbsp;<\/p>\n<p><span style=\"color: #ff6600;\"><span style=\"color: #000000;\">El Ateneu Manises nombra anualmente, desde su fundaci\u00f3n, un socio de honor por su relevancia en alguno de los fines de la asociaci\u00f3n. <\/span><\/span><span style=\"color: #000000;\">Los nombramientos han sido los siguientes:<\/span><br \/>\n[\/et_pb_text][\/et_pb_column][et_pb_column type=\u00bb1_4&#8243; _builder_version=\u00bb4.16&#8243; background_color=\u00bb#ffffff\u00bb custom_padding=\u00bb15px|12px||15px|false|false\u00bb global_colors_info=\u00bb{}\u00bb][et_pb_image src=\u00bbhttps:\/\/ateneumanises.com\/es\/wp-content\/uploads\/2025\/01\/rafa-almoguera-2-scaled.jpg\u00bb title_text=\u00bbCartells 2024 &#8211; 35&#8243; _builder_version=\u00bb4.27.0&#8243; border_radii=\u00bbon|11px|11px|11px|11px\u00bb global_colors_info=\u00bb{}\u00bb][\/et_pb_image][et_pb_text _builder_version=\u00bb4.27.0&#8243; global_colors_info=\u00bb{}\u00bb]<\/p>\n<h3>2024<br \/>\nRafa Almoguera<\/h3>\n<p>Por su contribuci\u00f3n a la mejora social; desde profesor de escuela de adultos, voluntario, presidente de la Asociaci\u00f3n de Vecinos, y un largo etc\u00e9tera.<br \/>\n[\/et_pb_text][\/et_pb_column][et_pb_column type=\u00bb1_4&#8243; _builder_version=\u00bb4.16&#8243; background_color=\u00bb#ffffff\u00bb custom_padding=\u00bb15px|12px||15px|false|false\u00bb global_colors_info=\u00bb{}\u00bb][et_pb_image src=\u00bbhttps:\/\/ateneumanises.com\/es\/wp-content\/uploads\/2025\/01\/enrique-deltoro-scaled.jpg\u00bb title_text=\u00bbenrique deltoro\u00bb _builder_version=\u00bb4.27.0&#8243; global_colors_info=\u00bb{}\u00bb][\/et_pb_image][et_pb_text _builder_version=\u00bb4.27.0&#8243; global_colors_info=\u00bb{}\u00bb]<\/p>\n<h3>2023<br \/>\nEnrique Deltoro<\/h3>\n<p>Por ser un referente en el trabajo con personas j\u00f3venes y recuperar la historia de Manises<br \/>\n[\/et_pb_text][\/et_pb_column][et_pb_column type=\u00bb1_4&#8243; _builder_version=\u00bb4.16&#8243; background_color=\u00bb#ffffff\u00bb custom_padding=\u00bb15px|12px||15px|false|false\u00bb global_colors_info=\u00bb{}\u00bb][et_pb_image src=\u00bbhttps:\/\/ateneumanises.com\/es\/wp-content\/uploads\/2025\/01\/francisco-mora-1.jpg\u00bb title_text=\u00bbfrancisco mora\u00bb _builder_version=\u00bb4.27.0&#8243; border_radii=\u00bbon|11px|11px|11px|11px\u00bb global_colors_info=\u00bb{}\u00bb][\/et_pb_image][et_pb_text _builder_version=\u00bb4.27.0&#8243; global_colors_info=\u00bb{}\u00bb]<\/p>\n<h3>2022<br \/>\nFrancisco Mora<\/h3>\n<p>Por su destacada contribuci\u00f3n al \u00e1mbito educativo y cient\u00edfico y por su compromiso con la promoci\u00f3n del conocimiento.<br \/>\n[\/et_pb_text][\/et_pb_column][\/et_pb_row][et_pb_row column_structure=\u00bb1_4,1_4,1_4,1_4&#8243; make_equal=\u00bbon\u00bb _builder_version=\u00bb4.25.0&#8243; width=\u00bb79%\u00bb min_height=\u00bb473px\u00bb border_radii=\u00bbon|11px|11px|11px|11px\u00bb global_colors_info=\u00bb{}\u00bb][et_pb_column type=\u00bb1_4&#8243; _builder_version=\u00bb4.16&#8243; background_color=\u00bb#ffffff\u00bb custom_padding=\u00bb15px|12px||15px|false|false\u00bb global_colors_info=\u00bb{}\u00bb][et_pb_image src=\u00bbhttps:\/\/ateneumanises.com\/es\/wp-content\/uploads\/2022\/10\/ramon-gener.jpg\u00bb _builder_version=\u00bb4.25.0&#8243; border_radii=\u00bbon|11px|11px|11px|11px\u00bb global_colors_info=\u00bb{}\u00bb][\/et_pb_image][et_pb_text _builder_version=\u00bb4.16&#8243; global_colors_info=\u00bb{}\u00bb]<\/p>\n<h3>2021<br \/>\nRam\u00f3n Gener<\/h3>\n<p>&nbsp;<br \/>\n[\/et_pb_text][\/et_pb_column][et_pb_column type=\u00bb1_4&#8243; _builder_version=\u00bb4.16&#8243; background_color=\u00bb#ffffff\u00bb custom_padding=\u00bb15px|12px||15px|false|false\u00bb global_colors_info=\u00bb{}\u00bb][et_pb_image src=\u00bbhttps:\/\/ateneumanises.com\/es\/wp-content\/uploads\/2021\/03\/Antonio-Garai-Elorza.jpg\u00bb _builder_version=\u00bb4.25.0&#8243; border_radii=\u00bbon|11px|11px|11px|11px\u00bb global_colors_info=\u00bb{}\u00bb][\/et_pb_image][et_pb_text _builder_version=\u00bb4.16&#8243; global_colors_info=\u00bb{}\u00bb]<\/p>\n<h3>2020<br \/>\nAntonio Garai Elorza<\/h3>\n<p>Por su trabajo de contribuci\u00f3n, colaboraci\u00f3n y disposici\u00f3n al Barrio San Francisco y su calidad humana.<br \/>\n[\/et_pb_text][\/et_pb_column][et_pb_column type=\u00bb1_4&#8243; _builder_version=\u00bb4.16&#8243; background_color=\u00bb#ffffff\u00bb custom_padding=\u00bb15px|12px||15px|false|false\u00bb global_colors_info=\u00bb{}\u00bb][et_pb_image src=\u00bbhttps:\/\/ateneumanises.com\/es\/wp-content\/uploads\/2020\/06\/fundacio-horta-sud.png\u00bb _builder_version=\u00bb4.16&#8243; global_colors_info=\u00bb{}\u00bb][\/et_pb_image][et_pb_text _builder_version=\u00bb4.16&#8243; global_colors_info=\u00bb{}\u00bb]<\/p>\n<h3>2019<br \/>\nFundaci\u00f3 Horta Sud<\/h3>\n<p>Por su trabajo en la contribuci\u00f3n de la mejora de la calidad asociativa.<br \/>\n[\/et_pb_text][\/et_pb_column][et_pb_column type=\u00bb1_4&#8243; _builder_version=\u00bb4.16&#8243; background_color=\u00bb#ffffff\u00bb custom_padding=\u00bb15px|12px||15px|false|false\u00bb global_colors_info=\u00bb{}\u00bb][et_pb_image src=\u00bbhttps:\/\/ateneumanises.com\/es\/wp-content\/uploads\/2020\/06\/Llorenss-barber.jpg\u00bb _builder_version=\u00bb4.25.0&#8243; border_radii=\u00bbon|11px|11px|11px|11px\u00bb global_colors_info=\u00bb{}\u00bb][\/et_pb_image][et_pb_text _builder_version=\u00bb4.16&#8243; global_colors_info=\u00bb{}\u00bb]<\/p>\n<h3>2018<br \/>\nLloren\u00e7\u00a0 Barber\u00a0 Colomer<\/h3>\n<p>Por su trayectoria internacional a favor de ampliar los horizontes de los conceptos del arte, m\u00fasica y forma.<br \/>\n[\/et_pb_text][\/et_pb_column][\/et_pb_row][et_pb_row column_structure=\u00bb1_4,1_4,1_4,1_4&#8243; make_equal=\u00bbon\u00bb _builder_version=\u00bb4.16&#8243; min_height=\u00bb473px\u00bb global_colors_info=\u00bb{}\u00bb][et_pb_column type=\u00bb1_4&#8243; _builder_version=\u00bb4.16&#8243; background_color=\u00bb#ffffff\u00bb custom_padding=\u00bb15px|12px||15px|false|false\u00bb global_colors_info=\u00bb{}\u00bb][et_pb_image src=\u00bbhttps:\/\/ateneumanises.com\/es\/wp-content\/uploads\/2020\/06\/sabina.jpg\u00bb _builder_version=\u00bb4.25.0&#8243; border_radii=\u00bbon|11px|11px|11px|11px\u00bb global_colors_info=\u00bb{}\u00bb][\/et_pb_image][et_pb_text _builder_version=\u00bb4.16&#8243; global_colors_info=\u00bb{}\u00bb]<\/p>\n<h3>2017<br \/>\nSabina Colonna Preti<\/h3>\n<p>Por su trayectoria internacional como docente de Viola da Gamba y fil\u00e1ntropa.<br \/>\n[\/et_pb_text][\/et_pb_column][et_pb_column type=\u00bb1_4&#8243; _builder_version=\u00bb4.16&#8243; background_color=\u00bb#ffffff\u00bb custom_padding=\u00bb15px|12px||15px|false|false\u00bb global_colors_info=\u00bb{}\u00bb][et_pb_image src=\u00bbhttps:\/\/ateneumanises.com\/es\/wp-content\/uploads\/2020\/06\/Eva-denia.jpg\u00bb _builder_version=\u00bb4.25.0&#8243; border_radii=\u00bbon|11px|11px|11px|11px\u00bb global_colors_info=\u00bb{}\u00bb][\/et_pb_image][et_pb_text _builder_version=\u00bb4.16&#8243; global_colors_info=\u00bb{}\u00bb]<\/p>\n<h3>2016<br \/>\nEva D\u00e9nia<\/h3>\n<p>Por su trayectoria como cantante en lengua valenciana.<br \/>\n[\/et_pb_text][\/et_pb_column][et_pb_column type=\u00bb1_4&#8243; _builder_version=\u00bb4.16&#8243; background_color=\u00bb#ffffff\u00bb custom_padding=\u00bb15px|12px||15px|false|false\u00bb global_colors_info=\u00bb{}\u00bb][et_pb_image src=\u00bbhttps:\/\/ateneumanises.com\/es\/wp-content\/uploads\/2020\/06\/eduard-navarro.jpg\u00bb _builder_version=\u00bb4.25.0&#8243; border_radii=\u00bbon|11px|11px|11px|11px\u00bb global_colors_info=\u00bb{}\u00bb][\/et_pb_image][et_pb_text _builder_version=\u00bb4.16&#8243; global_colors_info=\u00bb{}\u00bb]<\/p>\n<h3>2015<br \/>\nEduard Navarro Jim\u00e9nez<\/h3>\n<p>Por su trayectoria de investigaci\u00f3n y recuperaci\u00f3n de m\u00fasica tradicional valenciana.<br \/>\n[\/et_pb_text][\/et_pb_column][et_pb_column type=\u00bb1_4&#8243; _builder_version=\u00bb4.16&#8243; background_color=\u00bb#ffffff\u00bb custom_padding=\u00bb15px|12px||15px|false|false\u00bb global_colors_info=\u00bb{}\u00bb][et_pb_image src=\u00bbhttps:\/\/ateneumanises.com\/es\/wp-content\/uploads\/2020\/06\/cales-suriela.jpg\u00bb _builder_version=\u00bb4.25.0&#8243; border_radii=\u00bbon|11px|11px|11px|11px\u00bb global_colors_info=\u00bb{}\u00bb][\/et_pb_image][et_pb_text _builder_version=\u00bb4.16&#8243; global_colors_info=\u00bb{}\u00bb]<\/p>\n<h3>2014<br \/>\nCarles Subiela Ib\u00e1\u00f1ez<\/h3>\n<p>Por su trayectoria como empresario, poeta valenciano y fil\u00e1ntropo a favor de la cultura valenciana.<br \/>\n[\/et_pb_text][\/et_pb_column][\/et_pb_row][et_pb_row column_structure=\u00bb1_4,1_4,1_4,1_4&#8243; make_equal=\u00bbon\u00bb _builder_version=\u00bb4.16&#8243; min_height=\u00bb473px\u00bb global_colors_info=\u00bb{}\u00bb][et_pb_column type=\u00bb1_4&#8243; _builder_version=\u00bb4.16&#8243; background_color=\u00bb#ffffff\u00bb custom_padding=\u00bb15px|12px||15px|false|false\u00bb global_colors_info=\u00bb{}\u00bb][et_pb_image src=\u00bbhttps:\/\/ateneumanises.com\/es\/wp-content\/uploads\/2020\/06\/efren-lopez.jpg\u00bb _builder_version=\u00bb4.25.0&#8243; border_radii=\u00bbon|11px|11px|11px|11px\u00bb global_colors_info=\u00bb{}\u00bb][\/et_pb_image][et_pb_text _builder_version=\u00bb4.16&#8243; global_colors_info=\u00bb{}\u00bb]<\/p>\n<h3>2013<br \/>\nEfr\u00e9n L\u00f3pez Sanz<\/h3>\n<p>Por su trayectoria internacional en la recuperaci\u00f3n, conservaci\u00f3n y propuestas sobre la m\u00fasica tradicional.<br \/>\n[\/et_pb_text][\/et_pb_column][et_pb_column type=\u00bb1_4&#8243; _builder_version=\u00bb4.16&#8243; background_color=\u00bb#ffffff\u00bb custom_padding=\u00bb15px|12px||15px|false|false\u00bb global_colors_info=\u00bb{}\u00bb][et_pb_image src=\u00bbhttps:\/\/ateneumanises.com\/es\/wp-content\/uploads\/2020\/06\/mer-tortajada.jpg\u00bb _builder_version=\u00bb4.25.0&#8243; border_radii=\u00bbon|11px|11px|11px|11px\u00bb global_colors_info=\u00bb{}\u00bb][\/et_pb_image][et_pb_text _builder_version=\u00bb4.16&#8243; global_colors_info=\u00bb{}\u00bb]<\/p>\n<h3>2012<br \/>\nMercedes Tortajada Lerma<\/h3>\n<p>Por su trayectoria como docente altruista en la materia de musica en la Ciudad de Manises.<br \/>\n[\/et_pb_text][\/et_pb_column][et_pb_column type=\u00bb1_4&#8243; _builder_version=\u00bb4.16&#8243; background_color=\u00bb#ffffff\u00bb custom_padding=\u00bb15px|12px||15px|false|false\u00bb global_colors_info=\u00bb{}\u00bb][et_pb_image src=\u00bbhttps:\/\/ateneumanises.com\/es\/wp-content\/uploads\/2020\/06\/Francisco-tarrega.jpg\u00bb _builder_version=\u00bb4.25.0&#8243; border_radii=\u00bbon|11px|11px|11px|11px\u00bb global_colors_info=\u00bb{}\u00bb][\/et_pb_image][et_pb_text _builder_version=\u00bb4.16&#8243; global_colors_info=\u00bb{}\u00bb]<\/p>\n<h3>2011<br \/>\nFrancisco T\u00e1rrega Castellanos<\/h3>\n<p>Por su trayectoria como compositor local.<br \/>\n[\/et_pb_text][\/et_pb_column][et_pb_column type=\u00bb1_4&#8243; _builder_version=\u00bb4.16&#8243; background_color=\u00bb#ffffff\u00bb custom_padding=\u00bb15px|12px||15px|false|false\u00bb global_colors_info=\u00bb{}\u00bb][et_pb_image src=\u00bbhttps:\/\/ateneumanises.com\/es\/wp-content\/uploads\/2020\/06\/Conchin-darijo.jpg\u00bb _builder_version=\u00bb4.25.0&#8243; border_radii=\u00bbon|11px|11px|11px|11px\u00bb global_colors_info=\u00bb{}\u00bb][\/et_pb_image][et_pb_text _builder_version=\u00bb4.16&#8243; global_colors_info=\u00bb{}\u00bb]<\/p>\n<h3>2010<br \/>\nConcepci\u00f3n Darijo Frontera<\/h3>\n<p>Por su trayectoria como cantante y s\u00edmbolo de superaci\u00f3n personal.<br \/>\n[\/et_pb_text][\/et_pb_column][\/et_pb_row][et_pb_row column_structure=\u00bb1_4,1_4,1_4,1_4&#8243; make_equal=\u00bbon\u00bb _builder_version=\u00bb4.16&#8243; min_height=\u00bb473px\u00bb global_colors_info=\u00bb{}\u00bb][et_pb_column type=\u00bb1_4&#8243; _builder_version=\u00bb4.16&#8243; background_color=\u00bb#ffffff\u00bb custom_padding=\u00bb15px|12px||15px|false|false\u00bb global_colors_info=\u00bb{}\u00bb][\/et_pb_column][et_pb_column type=\u00bb1_4&#8243; _builder_version=\u00bb4.16&#8243; background_color=\u00bb#ffffff\u00bb custom_padding=\u00bb15px|12px||15px|false|false\u00bb global_colors_info=\u00bb{}\u00bb][et_pb_image src=\u00bbhttps:\/\/ateneumanises.com\/es\/wp-content\/uploads\/2020\/06\/FranciscoValls.jpg\u00bb _builder_version=\u00bb4.25.0&#8243; border_radii=\u00bbon|11px|11px|11px|11px\u00bb global_colors_info=\u00bb{}\u00bb][\/et_pb_image][et_pb_text _builder_version=\u00bb4.16&#8243; global_colors_info=\u00bb{}\u00bb]<\/p>\n<h3>2008<br \/>\nFrancisco Valls Santos<\/h3>\n<p>Por su trayectoria internacional como cantante, llevando el nombre de manises por todo el mundo.<br \/>\n[\/et_pb_text][\/et_pb_column][et_pb_column type=\u00bb1_4&#8243; _builder_version=\u00bb4.16&#8243; background_enable_color=\u00bboff\u00bb custom_padding=\u00bb15px|12px||15px|false|false\u00bb global_colors_info=\u00bb{}\u00bb][\/et_pb_column][et_pb_column type=\u00bb1_4&#8243; _builder_version=\u00bb4.16&#8243; background_enable_color=\u00bboff\u00bb custom_padding=\u00bb15px|12px||15px|false|false\u00bb global_colors_info=\u00bb{}\u00bb][\/et_pb_column][\/et_pb_row][\/et_pb_section]<\/p>\n","protected":false},"excerpt":{"rendered":"<p>SOCIOS DE HONOR &nbsp; &nbsp; &nbsp; &nbsp; El Ateneu Manises nombra anualmente, desde su fundaci\u00f3n, un socio de honor por su relevancia en alguno de los fines de la asociaci\u00f3n. Los nombramientos han sido los siguientes: 2024 Rafa Almoguera Por su contribuci\u00f3n a la mejora social; desde profesor de escuela de adultos, voluntario, presidente de [&hellip;]<\/p>\n","protected":false},"author":1,"featured_media":0,"parent":0,"menu_order":0,"comment_status":"closed","ping_status":"closed","template":"","meta":{"_et_pb_use_builder":"on","_et_pb_old_content":"<p>Desde el primer a\u00f1o uno de los objetivos fue reconocer el trabajo de personas relevantes en cuanto a la cultura. Es por eso que surge la figura de <span style=\"color: #ff6600;\">Socio de Honor\u00a0<span style=\"color: #000000;\">en nuestra entidad.<br \/>Los galardonados por el <span style=\"color: #ff6600;\">Ateneu Cultural Ciutat de Manises<\/span>\u00a0 con esta distinci\u00f3n son los siguientes:<br \/><\/span><\/span><\/p><ul><li><span style=\"color: #ff6600;\">2018: <span style=\"color: #000000;\">Lloren\u00e7 Barber i Colomer<span style=\"color: #001000;\">: Por su trayectoria internacional a favor de ampliar los horizontes de los conceptos del arte, m\u00fasica y forma.\u00a0<\/span><\/span><\/span><\/li><li><span style=\"color: #ff6600;\">2017:<\/span> Sabina Colonna Preti: Por su trayectoria internacional como docente de Viola da Gamba y fil\u00e1ntropa.<\/li><li><span style=\"color: #ff6600;\">2016:<\/span> Eva D\u00e9nia: Por su trayectoria como cantante en lengua valenciana.<\/li><li><span style=\"color: #ff6600;\">2015:<\/span> Eduard Navarro Jim\u00e9nez: Por su trayectoria de investigaci\u00f3n y recuperaci\u00f3n de m\u00fasica tradicional valenciana.<\/li><li><span style=\"color: #ff6600;\">2014:<\/span> Carles Subiela Ib\u00e1\u00f1ez: Por su trayectoria como empresario, poeta valenciano y fil\u00e1ntropo a favor de la cultura valenciana.<\/li><li><span style=\"color: #ff6600;\">2013:<\/span> Efr\u00e9n L\u00f3pez Sanz: Por su trayectoria internacional en la recuperaci\u00f3n, conservaci\u00f3n y propuestas sobre la m\u00fasica tradicional.<\/li><li><span style=\"color: #ff6600;\">2012:<\/span> Mercedes Tortajada Lerma: Por su trayectoria como docente altruista en la materia de musica en la Ciudad de Manises.<\/li><li><span style=\"color: #ff6600;\">2011:<\/span> Francisco T\u00e1rrega Castellanos: Por su trayectoria como compositor local.<\/li><li><span style=\"color: #ff6600;\">2010:<\/span> Concepci\u00f3n Darijo Frontera: Por su trayectoria como cantante y s\u00edmbolo de superaci\u00f3n personal.<\/li><li><span style=\"color: #ff6600;\">2009:<\/span> Julio Mart\u00ednez Garc\u00eda: Por su trayectoria como docente innovador en el I.E.S. Jos\u00e9 Rodrigo Botet de Manises.<\/li><li><span style=\"color: #ff6600;\">2008:<\/span> Francisco Valls Santos: Por su trayectoria internacional como cantante, llevando el nombre de manises por todo el mundo.<\/li><\/ul><div class=\"mceTemp\">\u00a0<\/div><div class=\"mceTemp\">\u00a0<\/div><div class=\"mceTemp\">\u00a0<\/div><div class=\"mceTemp\">\u00a0<\/div><div class=\"mceTemp\">\u00a0<\/div><p>\u00a0<\/p>","_et_gb_content_width":"","footnotes":""},"class_list":["post-1124","page","type-page","status-publish","hentry"],"_links":{"self":[{"href":"https:\/\/ateneumanises.com\/es\/wp-json\/wp\/v2\/pages\/1124","targetHints":{"allow":["GET"]}}],"collection":[{"href":"https:\/\/ateneumanises.com\/es\/wp-json\/wp\/v2\/pages"}],"about":[{"href":"https:\/\/ateneumanises.com\/es\/wp-json\/wp\/v2\/types\/page"}],"author":[{"embeddable":true,"href":"https:\/\/ateneumanises.com\/es\/wp-json\/wp\/v2\/users\/1"}],"replies":[{"embeddable":true,"href":"https:\/\/ateneumanises.com\/es\/wp-json\/wp\/v2\/comments?post=1124"}],"version-history":[{"count":26,"href":"https:\/\/ateneumanises.com\/es\/wp-json\/wp\/v2\/pages\/1124\/revisions"}],"predecessor-version":[{"id":8706,"href":"https:\/\/ateneumanises.com\/es\/wp-json\/wp\/v2\/pages\/1124\/revisions\/8706"}],"wp:attachment":[{"href":"https:\/\/ateneumanises.com\/es\/wp-json\/wp\/v2\/media?parent=1124"}],"curies":[{"name":"wp","href":"https:\/\/api.w.org\/{rel}","templated":true}]}}