{"id":1623,"date":"2017-04-13T12:46:55","date_gmt":"2017-04-13T11:46:55","guid":{"rendered":"http:\/\/ateneumanises.com\/es\/?page_id=1623"},"modified":"2025-11-03T11:06:56","modified_gmt":"2025-11-03T10:06:56","slug":"galeria","status":"publish","type":"page","link":"https:\/\/ateneumanises.com\/es\/galeria\/","title":{"rendered":"Galer\u00eda"},"content":{"rendered":"<p>[et_pb_section fb_built=\u00bb1&#8243; prev_background_color=\u00bb#000000&#8243; admin_label=\u00bbsection\u00bb _builder_version=\u00bb4.16&#8243; top_divider_style=\u00bbslant2&#8243; top_divider_height=\u00bb55px\u00bb top_divider_flip=\u00bbvertical\u00bb global_colors_info=\u00bb{}\u00bb][et_pb_row column_structure=\u00bb1_5,1_5,1_5,1_5,1_5&#8243; admin_label=\u00bbrow\u00bb _builder_version=\u00bb4.16&#8243; background_size=\u00bbinitial\u00bb background_position=\u00bbtop_left\u00bb background_repeat=\u00bbrepeat\u00bb global_colors_info=\u00bb{}\u00bb][et_pb_column type=\u00bb1_5&#8243; _builder_version=\u00bb4.16&#8243; custom_padding=\u00bb|||\u00bb global_colors_info=\u00bb{}\u00bb custom_padding__hover=\u00bb|||\u00bb][et_pb_image src=\u00bbhttps:\/\/ateneumanises.com\/es\/wp-content\/uploads\/2025\/11\/2-1.png\u00bb title_text=\u00bb2&#8243; url=\u00bbhttps:\/\/ateneumanises.com\/es\/operas\/\u00bb _builder_version=\u00bb4.27.4&#8243; _module_preset=\u00bbdefault\u00bb animation_style=\u00bbbounce\u00bb global_colors_info=\u00bb{}\u00bb][\/et_pb_image][\/et_pb_column][et_pb_column type=\u00bb1_5&#8243; _builder_version=\u00bb4.16&#8243; custom_padding=\u00bb|||\u00bb global_colors_info=\u00bb{}\u00bb custom_padding__hover=\u00bb|||\u00bb][et_pb_image src=\u00bbhttps:\/\/ateneumanises.com\/es\/wp-content\/uploads\/2025\/11\/3-1.png\u00bb title_text=\u00bb3&#8243; url=\u00bbhttps:\/\/ateneumanises.com\/es\/musicales\/\u00bb _builder_version=\u00bb4.27.4&#8243; _module_preset=\u00bbdefault\u00bb animation_style=\u00bbbounce\u00bb global_colors_info=\u00bb{}\u00bb][\/et_pb_image][\/et_pb_column][et_pb_column type=\u00bb1_5&#8243; _builder_version=\u00bb4.16&#8243; custom_padding=\u00bb|||\u00bb global_colors_info=\u00bb{}\u00bb custom_padding__hover=\u00bb|||\u00bb][et_pb_image src=\u00bbhttps:\/\/ateneumanises.com\/es\/wp-content\/uploads\/2025\/11\/4-1.png\u00bb title_text=\u00bb4&#8243; url=\u00bbhttps:\/\/ateneumanises.com\/es\/conciertos\/\u00bb _builder_version=\u00bb4.27.4&#8243; _module_preset=\u00bbdefault\u00bb animation_style=\u00bbbounce\u00bb global_colors_info=\u00bb{}\u00bb][\/et_pb_image][\/et_pb_column][et_pb_column type=\u00bb1_5&#8243; _builder_version=\u00bb4.16&#8243; custom_padding=\u00bb|||\u00bb global_colors_info=\u00bb{}\u00bb custom_padding__hover=\u00bb|||\u00bb][et_pb_image src=\u00bbhttps:\/\/ateneumanises.com\/es\/wp-content\/uploads\/2025\/11\/5-1.png\u00bb title_text=\u00bb5&#8243; url=\u00bbhttps:\/\/ateneumanises.com\/es\/ballets\/\u00bb _builder_version=\u00bb4.27.4&#8243; _module_preset=\u00bbdefault\u00bb animation_style=\u00bbbounce\u00bb global_colors_info=\u00bb{}\u00bb][\/et_pb_image][\/et_pb_column][et_pb_column type=\u00bb1_5&#8243; _builder_version=\u00bb4.16&#8243; custom_padding=\u00bb|||\u00bb global_colors_info=\u00bb{}\u00bb custom_padding__hover=\u00bb|||\u00bb][et_pb_image src=\u00bbhttps:\/\/ateneumanises.com\/es\/wp-content\/uploads\/2025\/11\/6-1.png\u00bb title_text=\u00bb6&#8243; url=\u00bbhttps:\/\/ateneumanises.com\/es\/obras_teatrales\/\u00bb _builder_version=\u00bb4.27.4&#8243; _module_preset=\u00bbdefault\u00bb animation_style=\u00bbbounce\u00bb global_colors_info=\u00bb{}\u00bb][\/et_pb_image][\/et_pb_column][\/et_pb_row][\/et_pb_section]<\/p>\n","protected":false},"excerpt":{"rendered":"","protected":false},"author":1,"featured_media":0,"parent":0,"menu_order":0,"comment_status":"closed","ping_status":"closed","template":"","meta":{"_et_pb_use_builder":"on","_et_pb_old_content":"<strong><span style=\"color: #ff6600;\">Ateneu Cultural Ciutat de Manises<\/span><\/strong> es una asociaci\u00f3n asamblearia cuyo <strong>\u00f3rgano de gobierno<\/strong> es la <strong>Asamblea General de Asociados, <\/strong>formada por todos los asociados. La misma se encarga de la aprobaci\u00f3n de los Estatutos, en los que se recoge el correcto funcionamiento de la\u00a0<strong>Entidad<\/strong>.\r\n\r\n\u00c9sta elige cada 2 a\u00f1os a su <strong>\u00f3rgano de representaci\u00f3n<\/strong> (Junta Directiva), encargada de la ejecuci\u00f3n del proyecto de actividades, adem\u00e1s, vela por el cumplimiento de los fines de la entidad a trav\u00e9s de la aplicaci\u00f3n de los <strong>estatutos<\/strong>.\r\n\r\nPara el mantenimiento de una entidad acorde a la realidad de su momento existe el <strong>Principio de Cambio Generacional.<\/strong> A tenor de \u00e9ste se crea la <strong>Junta Joven<\/strong>, formada por adolescentes que han vivido y experimentado la realidad social y filos\u00f3fica de la entidad, con la finalidad de crear referentes, actualizar la entidad, dar voz y responsabilidad a la juventud; siendo la encargada del cambio social del futuro.\u00a0 Adem\u00e1s, bajo este principio, se establece que los j\u00f3venes que obtengan las titulaciones correspondientes sustituir\u00e1n al profesorado actual de la entidad, garantizando un ciclo y la renovaci\u00f3n.\r\n\r\nSon 4 los libros que custodia y actualiza constantemente la Entidad, a los cuales puede acceder cualquier asociado siempre que lo solicite y firmando los correspondientes formularios de la L.O.P.D.\r\n\r\nLos diferentes proyectos est\u00e1n coordinados por el <strong>Equipo T\u00e9cnico\/Directivo<\/strong>, \u00e9ste se re\u00fane semanalmente con el fin de dirigir y coordinar todas las actividades por delegaci\u00f3n y supervisi\u00f3n de la Junta Directiva. Act\u00faa como t\u00e9cnico en el desarrollo de actividades de la asociaci\u00f3n y como directivo en la Escuela.","_et_gb_content_width":"","footnotes":""},"class_list":["post-1623","page","type-page","status-publish","hentry"],"_links":{"self":[{"href":"https:\/\/ateneumanises.com\/es\/wp-json\/wp\/v2\/pages\/1623","targetHints":{"allow":["GET"]}}],"collection":[{"href":"https:\/\/ateneumanises.com\/es\/wp-json\/wp\/v2\/pages"}],"about":[{"href":"https:\/\/ateneumanises.com\/es\/wp-json\/wp\/v2\/types\/page"}],"author":[{"embeddable":true,"href":"https:\/\/ateneumanises.com\/es\/wp-json\/wp\/v2\/users\/1"}],"replies":[{"embeddable":true,"href":"https:\/\/ateneumanises.com\/es\/wp-json\/wp\/v2\/comments?post=1623"}],"version-history":[{"count":13,"href":"https:\/\/ateneumanises.com\/es\/wp-json\/wp\/v2\/pages\/1623\/revisions"}],"predecessor-version":[{"id":8764,"href":"https:\/\/ateneumanises.com\/es\/wp-json\/wp\/v2\/pages\/1623\/revisions\/8764"}],"wp:attachment":[{"href":"https:\/\/ateneumanises.com\/es\/wp-json\/wp\/v2\/media?parent=1623"}],"curies":[{"name":"wp","href":"https:\/\/api.w.org\/{rel}","templated":true}]}}