{"id":300,"date":"2015-09-24T18:01:27","date_gmt":"2015-09-24T17:01:27","guid":{"rendered":"http:\/\/ateneumanises.com\/es\/?page_id=300"},"modified":"2026-03-24T11:22:24","modified_gmt":"2026-03-24T10:22:24","slug":"con-total-transparencia","status":"publish","type":"page","link":"https:\/\/ateneumanises.com\/es\/con-total-transparencia\/","title":{"rendered":"Con total transparencia"},"content":{"rendered":"<p>[et_pb_section fb_built=\u00bb1&#8243; admin_label=\u00bbSecci\u00f3n\u00bb _builder_version=\u00bb4.16&#8243; min_height=\u00bb1024px\u00bb custom_margin=\u00bb||2px|||\u00bb top_divider_color=\u00bb#000000&#8243; top_divider_height=\u00bb60px\u00bb top_divider_flip=\u00bbhorizontal\u00bb global_colors_info=\u00bb{}\u00bb][et_pb_row _builder_version=\u00bb4.25.0&#8243; background_size=\u00bbinitial\u00bb background_position=\u00bbtop_left\u00bb background_repeat=\u00bbrepeat\u00bb min_height=\u00bb234px\u00bb custom_margin=\u00bb||-108px||false|false\u00bb custom_padding=\u00bb27px||0px|||\u00bb global_colors_info=\u00bb{}\u00bb][et_pb_column type=\u00bb4_4&#8243; _builder_version=\u00bb4.16&#8243; custom_padding=\u00bb|||\u00bb global_colors_info=\u00bb{}\u00bb custom_padding__hover=\u00bb|||\u00bb][et_pb_text _builder_version=\u00bb4.25.0&#8243; _module_preset=\u00bbdefault\u00bb text_orientation=\u00bbcenter\u00bb global_colors_info=\u00bb{}\u00bb]<\/p>\n<h1><em>CON TOTAL TRANSPARENCIA<\/em><\/h1>\n<p>[\/et_pb_text][\/et_pb_column][\/et_pb_row][et_pb_row column_structure=\u00bb1_3,1_3,1_3&#8243; _builder_version=\u00bb4.16&#8243; background_size=\u00bbinitial\u00bb background_position=\u00bbtop_left\u00bb background_repeat=\u00bbrepeat\u00bb min_height=\u00bb234px\u00bb custom_padding=\u00bb27px||0px|||\u00bb global_colors_info=\u00bb{}\u00bb][et_pb_column type=\u00bb1_3&#8243; _builder_version=\u00bb4.16&#8243; custom_padding=\u00bb|||\u00bb global_colors_info=\u00bb{}\u00bb custom_padding__hover=\u00bb|||\u00bb][et_pb_text _builder_version=\u00bb4.25.0&#8243; _module_preset=\u00bbdefault\u00bb global_colors_info=\u00bb{}\u00bb]<\/p>\n<p style=\"text-align: justify;\">Seg\u00fan el <strong><a href=\"https:\/\/www.boe.es\/buscar\/doc.php?id=BOE-A-2013-12887\">BOE<\/a><\/strong> de 10 de diciembre de 2013 aplicaci\u00f3n de la Ley 19\/2013, de 9 de diciembre, de transparencia, el acceso a la informaci\u00f3n p\u00fablica y buen gobierno. A tenor de los dispuesto en el cap\u00edtulo II: \u00abLas entidades privadas que perciban durante el per\u00edodo de un a\u00f1o ayudas o subvenciones p\u00fablicas en una cuant\u00eda superior a 100.000 euros\u00bb. Con total transparencia es como queremos actuar.<\/p>\n<p>[\/et_pb_text][\/et_pb_column][et_pb_column type=\u00bb1_3&#8243; _builder_version=\u00bb4.16&#8243; custom_padding=\u00bb|||\u00bb global_colors_info=\u00bb{}\u00bb custom_padding__hover=\u00bb|||\u00bb][et_pb_text admin_label=\u00bbTexto\u00bb _builder_version=\u00bb4.25.0&#8243; background_size=\u00bbinitial\u00bb background_position=\u00bbtop_left\u00bb background_repeat=\u00bbrepeat\u00bb min_height=\u00bb260px\u00bb custom_padding=\u00bb6px||0px|||\u00bb global_colors_info=\u00bb{}\u00bb]<\/p>\n<p style=\"text-align: justify;\">\n<p style=\"text-align: justify;\">\n<p style=\"text-align: left;\"><em>Si desea realizar cualquier aclaraci\u00f3n sobre las cuentas deber\u00e1 dirigirse presencialmente a la secretaria del Ateneu Cultural Ciutat de Manises e identificarse como <strong><a href=\"https:\/\/ateneumanises.com\/es\/si-tu-cambias-todo-cambia\/\">asociado<\/a><\/strong> al corriente de pagos. Se ruega solicitar cita previa.<\/em><\/p>\n<h2 style=\"text-align: justify;\"><\/h2>\n<p>[\/et_pb_text][\/et_pb_column][et_pb_column type=\u00bb1_3&#8243; _builder_version=\u00bb4.16&#8243; custom_padding=\u00bb|||\u00bb global_colors_info=\u00bb{}\u00bb custom_padding__hover=\u00bb|||\u00bb][et_pb_text _builder_version=\u00bb4.25.0&#8243; _module_preset=\u00bbdefault\u00bb global_colors_info=\u00bb{}\u00bb]<\/p>\n<p>No dude en preguntar todo aquello que no entienda, es su asociaci\u00f3n. Recuerde que somos humanos y tambi\u00e9n podemos cometer errores. Gracias por ayudar a mejorar la transparencia, el acceso a la informaci\u00f3n y a la correcta gesti\u00f3n de los recursos y fines de la entidad.<\/p>\n<p>[\/et_pb_text][\/et_pb_column][\/et_pb_row][et_pb_row column_structure=\u00bb1_5,1_5,1_5,1_5,1_5&#8243; _builder_version=\u00bb4.16&#8243; min_height=\u00bb0px\u00bb global_colors_info=\u00bb{}\u00bb][et_pb_column type=\u00bb1_5&#8243; _builder_version=\u00bb4.16&#8243; global_colors_info=\u00bb{}\u00bb][\/et_pb_column][et_pb_column type=\u00bb1_5&#8243; _builder_version=\u00bb4.16&#8243; global_colors_info=\u00bb{}\u00bb][\/et_pb_column][et_pb_column type=\u00bb1_5&#8243; _builder_version=\u00bb4.25.0&#8243; _module_preset=\u00bbdefault\u00bb global_colors_info=\u00bb{}\u00bb][et_pb_text admin_label=\u00bbTexto\u00bb _builder_version=\u00bb4.27.6&#8243; text_text_color=\u00bb#ffffff\u00bb background_color=\u00bb#E09900&#8243; background_enable_image=\u00bboff\u00bb animation_style=\u00bbbounce\u00bb animation_duration=\u00bb2000ms\u00bb link_option_url=\u00bbhttps:\/\/ateneumanises.com\/es\/wp-content\/uploads\/2026\/03\/2025-Cuentas.pdf\u00bb link_option_url_new_window=\u00bbon\u00bb hover_enabled=\u00bb0&#8243; border_radii=\u00bbon|15px|15px|15px|15px\u00bb border_color_all=\u00bb#E09900&#8243; global_colors_info=\u00bb{}\u00bb sticky_enabled=\u00bb0&#8243;]<\/p>\n<p style=\"text-align: center;\">Resumen Contable 2025<\/p>\n<p>[\/et_pb_text][\/et_pb_column][et_pb_column type=\u00bb1_5&#8243; _builder_version=\u00bb4.16&#8243; global_colors_info=\u00bb{}\u00bb][\/et_pb_column][et_pb_column type=\u00bb1_5&#8243; _builder_version=\u00bb4.16&#8243; global_colors_info=\u00bb{}\u00bb][\/et_pb_column][\/et_pb_row][et_pb_row _builder_version=\u00bb4.16&#8243; min_height=\u00bb93px\u00bb custom_margin=\u00bb|auto|-59px|auto||\u00bb global_colors_info=\u00bb{}\u00bb][et_pb_column type=\u00bb4_4&#8243; _builder_version=\u00bb4.16&#8243; global_colors_info=\u00bb{}\u00bb][et_pb_text _builder_version=\u00bb4.27.6&#8243; custom_margin=\u00bb19px||47px||false|false\u00bb hover_enabled=\u00bb0&#8243; global_colors_info=\u00bb{}\u00bb sticky_enabled=\u00bb0&#8243;]<\/p>\n<h2 style=\"text-align: center;\">SUBVENCIONES 2026<\/h2>\n<p>[\/et_pb_text][\/et_pb_column][\/et_pb_row][et_pb_row _builder_version=\u00bb4.25.0&#8243; min_height=\u00bb93px\u00bb custom_margin=\u00bb|auto|-109px|auto|false|false\u00bb global_colors_info=\u00bb{}\u00bb][et_pb_column type=\u00bb4_4&#8243; _builder_version=\u00bb4.16&#8243; global_colors_info=\u00bb{}\u00bb][et_pb_text _builder_version=\u00bb4.27.4&#8243; custom_margin=\u00bb||31px||false|false\u00bb global_colors_info=\u00bb{}\u00bb]<\/p>\n<p style=\"text-align: center;\">En el siguiente apartado puede ir viendo la actualizaci\u00f3n de las subvenciones concedidas.<\/p>\n<p>[\/et_pb_text][\/et_pb_column][\/et_pb_row][et_pb_row column_structure=\u00bb1_4,1_4,1_4,1_4&#8243; _builder_version=\u00bb4.16&#8243; min_height=\u00bb142px\u00bb custom_margin=\u00bb-1px|auto||auto||\u00bb custom_padding=\u00bb0px|||||\u00bb global_colors_info=\u00bb{}\u00bb][et_pb_column type=\u00bb1_4&#8243; _builder_version=\u00bb4.16&#8243; global_colors_info=\u00bb{}\u00bb][et_pb_image src=\u00bbhttps:\/\/ateneumanises.com\/es\/wp-content\/uploads\/2025\/12\/LOGO-Manises-generic.jpg\u00bb title_text=\u00bbLOGO Manises gene\u0300ric\u00bb align=\u00bbcenter\u00bb _builder_version=\u00bb4.27.4&#8243; custom_margin=\u00bb32px||||false|false\u00bb global_colors_info=\u00bb{}\u00bb][\/et_pb_image][\/et_pb_column][et_pb_column type=\u00bb1_4&#8243; _builder_version=\u00bb4.16&#8243; global_colors_info=\u00bb{}\u00bb][et_pb_image src=\u00bbhttps:\/\/ateneumanises.com\/es\/wp-content\/uploads\/2024\/05\/Cultura-300&#215;83.jpg\u00bb _builder_version=\u00bb4.16&#8243; custom_margin=\u00bb40px||||false|false\u00bb global_colors_info=\u00bb{}\u00bb][\/et_pb_image][\/et_pb_column][et_pb_column type=\u00bb1_4&#8243; _builder_version=\u00bb4.16&#8243; global_colors_info=\u00bb{}\u00bb][et_pb_image src=\u00bbhttps:\/\/ateneumanises.com\/es\/wp-content\/uploads\/2025\/12\/GENERALITAT-CONSELLERIA-IVC-NEGRE-scaled.png\u00bb title_text=\u00bbGENERALITAT CONSELLERIA + IVC NEGRE\u00bb _builder_version=\u00bb4.27.4&#8243; min_height=\u00bb51.9px\u00bb custom_margin=\u00bb40px||||false|false\u00bb global_colors_info=\u00bb{}\u00bb][\/et_pb_image][\/et_pb_column][et_pb_column type=\u00bb1_4&#8243; _builder_version=\u00bb4.16&#8243; global_colors_info=\u00bb{}\u00bb][et_pb_image src=\u00bbhttps:\/\/ateneumanises.com\/es\/wp-content\/uploads\/2025\/12\/EMiAEiC_NF_N.png\u00bb title_text=\u00bbEMiAEiC_NF_N\u00bb _builder_version=\u00bb4.27.4&#8243; custom_margin=\u00bb40px||||false|false\u00bb global_colors_info=\u00bb{}\u00bb][\/et_pb_image][\/et_pb_column][\/et_pb_row][et_pb_row column_structure=\u00bb1_4,1_4,1_4,1_4&#8243; use_custom_gutter=\u00bbon\u00bb gutter_width=\u00bb1&#8243; _builder_version=\u00bb4.16&#8243; custom_margin=\u00bb|auto|-89px|auto||\u00bb custom_padding=\u00bb3px|||||\u00bb global_colors_info=\u00bb{}\u00bb][et_pb_column type=\u00bb1_4&#8243; _builder_version=\u00bb4.16&#8243; global_colors_info=\u00bb{}\u00bb][et_pb_text admin_label=\u00bbTexto\u00bb _builder_version=\u00bb4.27.4&#8243; custom_padding=\u00bb||0px|||\u00bb global_colors_info=\u00bb{}\u00bb]<\/p>\n<p style=\"text-align: center;\"><strong>Ayuntamiento de Manises:<\/strong><\/p>\n<p style=\"text-align: center;\">Proyecto de Actividades: 63.000,00\u20ac<\/p>\n<p>[\/et_pb_text][\/et_pb_column][et_pb_column type=\u00bb1_4&#8243; _builder_version=\u00bb4.16&#8243; global_colors_info=\u00bb{}\u00bb][et_pb_text admin_label=\u00bbTexto\u00bb _builder_version=\u00bb4.25.0&#8243; global_colors_info=\u00bb{}\u00bb]<\/p>\n<p style=\"text-align: center;\"><strong>Diputaci\u00f3n de Valencia<\/strong><\/p>\n<p style=\"text-align: center;\">1. Concierto Banda: 1.950,00\u20ac<\/p>\n<p style=\"text-align: center;\">2. Escuela de M\u00fasica: 2.400,00\u20ac<\/p>\n<p style=\"text-align: center;\">3. Instrumentos Musicales: 2.000,00\u20ac<\/p>\n<p>[\/et_pb_text][\/et_pb_column][et_pb_column type=\u00bb1_4&#8243; _builder_version=\u00bb4.16&#8243; global_colors_info=\u00bb{}\u00bb][et_pb_text _builder_version=\u00bb4.27.6&#8243; hover_enabled=\u00bb0&#8243; global_colors_info=\u00bb{}\u00bb sticky_enabled=\u00bb0&#8243;]<\/p>\n<p style=\"text-align: center;\"><strong>Institut Valenci\u00e0 de Cultura<\/strong><\/p>\n<p style=\"text-align: center;\">1. Instrumentos Musicales: <br \/>Pendiente de resoluci\u00f3n<\/p>\n<p style=\"text-align: center;\">2. Artes Esc\u00e9nicas: <br \/>Pendiente de convocatoria<\/p>\n<p>[\/et_pb_text][\/et_pb_column][et_pb_column type=\u00bb1_4&#8243; _builder_version=\u00bb4.16&#8243; global_colors_info=\u00bb{}\u00bb][et_pb_text _builder_version=\u00bb4.27.6&#8243; hover_enabled=\u00bb0&#8243; global_colors_info=\u00bb{}\u00bb sticky_enabled=\u00bb0&#8243;]<\/p>\n<p style=\"text-align: center;\"><strong>Conselleria d\u2019Educaci\u00f3<\/strong><\/p>\n<p style=\"text-align: center;\">Pendiente de convocatoria<\/p>\n<p>[\/et_pb_text][\/et_pb_column][\/et_pb_row][\/et_pb_section][et_pb_section fb_built=\u00bb1&#8243; _builder_version=\u00bb4.25.0&#8243; background_color=\u00bb#ffffff\u00bb custom_margin=\u00bb57px||||false|false\u00bb custom_padding=\u00bb0px||2px|||\u00bb top_divider_color=\u00bb#ffffff\u00bb animation_style=\u00bbslide\u00bb animation_direction=\u00bbbottom\u00bb box_shadow_style=\u00bbpreset1&#8243; global_colors_info=\u00bb{}\u00bb][et_pb_row column_structure=\u00bb1_2,1_2&#8243; _builder_version=\u00bb4.16&#8243; min_height=\u00bb96px\u00bb global_colors_info=\u00bb{}\u00bb][et_pb_column type=\u00bb1_2&#8243; _builder_version=\u00bb4.16&#8243; global_colors_info=\u00bb{}\u00bb][et_pb_image src=\u00bbhttps:\/\/ateneumanises.com\/es\/wp-content\/uploads\/2020\/06\/logos-institucionales.jpg\u00bb _builder_version=\u00bb4.16&#8243; global_colors_info=\u00bb{}\u00bb][\/et_pb_image][\/et_pb_column][et_pb_column type=\u00bb1_2&#8243; _builder_version=\u00bb4.16&#8243; global_colors_info=\u00bb{}\u00bb][\/et_pb_column][\/et_pb_row][\/et_pb_section]<\/p>\n","protected":false},"excerpt":{"rendered":"<p>CON TOTAL TRANSPARENCIASeg\u00fan el BOE de 10 de diciembre de 2013 aplicaci\u00f3n de la Ley 19\/2013, de 9 de diciembre, de transparencia, el acceso a la informaci\u00f3n p\u00fablica y buen gobierno. A tenor de los dispuesto en el cap\u00edtulo II: \u00abLas entidades privadas que perciban durante el per\u00edodo de un a\u00f1o ayudas o subvenciones p\u00fablicas [&hellip;]<\/p>\n","protected":false},"author":1,"featured_media":0,"parent":0,"menu_order":0,"comment_status":"closed","ping_status":"closed","template":"","meta":{"_et_pb_use_builder":"on","_et_pb_old_content":"<p><span style=\"color: #ff6600;\"><strong>Acta 20191122-02 COMUNICADO<\/strong><\/span><\/p><p>\u00a0<\/p><p><span style=\"color: #ff6600;\"><strong><a href=\"https:\/\/ateneumanises.com\/es\/wp-content\/uploads\/2019\/11\/20191122-Acta-Comunicat.pdf\" rel=\"attachment wp-att-3626\">20191122 Acta -Comunicat<\/a><\/strong><\/span><\/p><p>\u00a0<\/p><p>\u00a0<\/p><p>\u00a0<\/p><p>Para m\u00e1s informaci\u00f3n pasa por la secretaria de nuestra Escuela.<\/p>","_et_gb_content_width":"","footnotes":""},"class_list":["post-300","page","type-page","status-publish","hentry"],"_links":{"self":[{"href":"https:\/\/ateneumanises.com\/es\/wp-json\/wp\/v2\/pages\/300","targetHints":{"allow":["GET"]}}],"collection":[{"href":"https:\/\/ateneumanises.com\/es\/wp-json\/wp\/v2\/pages"}],"about":[{"href":"https:\/\/ateneumanises.com\/es\/wp-json\/wp\/v2\/types\/page"}],"author":[{"embeddable":true,"href":"https:\/\/ateneumanises.com\/es\/wp-json\/wp\/v2\/users\/1"}],"replies":[{"embeddable":true,"href":"https:\/\/ateneumanises.com\/es\/wp-json\/wp\/v2\/comments?post=300"}],"version-history":[{"count":82,"href":"https:\/\/ateneumanises.com\/es\/wp-json\/wp\/v2\/pages\/300\/revisions"}],"predecessor-version":[{"id":8807,"href":"https:\/\/ateneumanises.com\/es\/wp-json\/wp\/v2\/pages\/300\/revisions\/8807"}],"wp:attachment":[{"href":"https:\/\/ateneumanises.com\/es\/wp-json\/wp\/v2\/media?parent=300"}],"curies":[{"name":"wp","href":"https:\/\/api.w.org\/{rel}","templated":true}]}}