{"id":7229,"date":"2022-10-07T16:21:48","date_gmt":"2022-10-07T15:21:48","guid":{"rendered":"https:\/\/ateneumanises.com\/es\/?page_id=7229"},"modified":"2024-08-22T15:01:15","modified_gmt":"2024-08-22T14:01:15","slug":"escuela","status":"publish","type":"page","link":"https:\/\/ateneumanises.com\/es\/escuela\/","title":{"rendered":"Escuela"},"content":{"rendered":"<p>[et_pb_section fb_built=\u00bb1&#8243; _builder_version=\u00bb4.16&#8243; custom_padding=\u00bb||3px|||\u00bb global_colors_info=\u00bb{}\u00bb][et_pb_row column_structure=\u00bb1_3,1_3,1_3&#8243; _builder_version=\u00bb4.16&#8243; overflow-y=\u00bbvisible\u00bb hover_enabled=\u00bb0&#8243; global_colors_info=\u00bb{}\u00bb sticky_enabled=\u00bb0&#8243;][et_pb_column type=\u00bb1_3&#8243; _builder_version=\u00bb4.16&#8243; global_colors_info=\u00bb{}\u00bb][et_pb_text _builder_version=\u00bb4.25.0&#8243; hover_enabled=\u00bb0&#8243; global_colors_info=\u00bb{}\u00bb disabled_on=\u00bbon|on|off\u00bb sticky_enabled=\u00bb0&#8243;]<\/p>\n<p>Paradigma y referente desde 2008<\/p>\n<p>[\/et_pb_text][\/et_pb_column][et_pb_column type=\u00bb1_3&#8243; _builder_version=\u00bb4.16&#8243; global_colors_info=\u00bb{}\u00bb][et_pb_text content_tablet=\u00bb<\/p>\n<p style=%22text-align: center;%22>ESCUELA<\/p>\n<p>\u00bb content_phone=\u00bb<\/p>\n<p style=%22text-align: center;%22>ESCUELA<\/p>\n<p>\u00bb content_last_edited=\u00bbon|desktop\u00bb _builder_version=\u00bb4.25.0&#8243; text_text_color=\u00bb#000000&#8243; text_font_size=\u00bb45px\u00bb custom_margin=\u00bb-10px||0px||false|false\u00bb global_colors_info=\u00bb{}\u00bb]<\/p>\n<p style=\"text-align: center;\">ESCUELA<\/p>\n<p>[\/et_pb_text][\/et_pb_column][et_pb_column type=\u00bb1_3&#8243; _builder_version=\u00bb4.16&#8243; global_colors_info=\u00bb{}\u00bb][et_pb_text _builder_version=\u00bb4.25.0&#8243; text_font_size=\u00bb13px\u00bb width=\u00bb100%\u00bb hover_enabled=\u00bb0&#8243; global_colors_info=\u00bb{}\u00bb disabled_on=\u00bbon|on|off\u00bb sticky_enabled=\u00bb0&#8243;]<\/p>\n<p><em>La escuela de m\u00fasica, danza y teatro del s.XXI<\/em><\/p>\n<p>[\/et_pb_text][\/et_pb_column][\/et_pb_row][et_pb_row column_structure=\u00bb1_3,1_3,1_3&#8243; _builder_version=\u00bb4.25.0&#8243; hover_enabled=\u00bb0&#8243; global_colors_info=\u00bb{}\u00bb custom_margin_last_edited=\u00bbon|tablet\u00bb sticky_enabled=\u00bb0&#8243; disabled_on=\u00bbon|on|off\u00bb][et_pb_column type=\u00bb1_3&#8243; _builder_version=\u00bb4.16&#8243; global_colors_info=\u00bb{}\u00bb][et_pb_image src=\u00bbhttps:\/\/ateneumanises.com\/es\/wp-content\/uploads\/2024\/05\/logo-ac-37-300&#215;223.png\u00bb title_text=\u00bblogo ac-37&#8243; _builder_version=\u00bb4.25.0&#8243; _module_preset=\u00bbdefault\u00bb width=\u00bb59%\u00bb width_tablet=\u00bb59%\u00bb width_phone=\u00bb59%\u00bb width_last_edited=\u00bbon|desktop\u00bb custom_margin=\u00bb35px|||33px|false|false\u00bb global_colors_info=\u00bb{}\u00bb][\/et_pb_image][\/et_pb_column][et_pb_column type=\u00bb1_3&#8243; _builder_version=\u00bb4.16&#8243; global_colors_info=\u00bb{}\u00bb][et_pb_text _builder_version=\u00bb4.16&#8243; text_font_size=\u00bb16px\u00bb global_colors_info=\u00bb{}\u00bb]<\/p>\n<p>Si la creatividad es tu fuerte, si te interesan las diversas manifestaciones art\u00edsticas y te apasiona la m\u00fasica, el teatro, la danza, etc., entonces el Ateneu Manises es para ti. Aqu\u00ed conviven varios lenguajes relacionados en las m\u00faltiples disciplinas, las cuales se vinculan a partir de la teor\u00eda y la pr\u00e1ctica desde el minuto uno de tu aprendizaje.\u00a0<\/p>\n<p>[\/et_pb_text][\/et_pb_column][et_pb_column type=\u00bb1_3&#8243; _builder_version=\u00bb4.16&#8243; global_colors_info=\u00bb{}\u00bb][et_pb_text _builder_version=\u00bb4.25.0&#8243; text_line_height=\u00bb1.6em\u00bb background_color=\u00bb#FFFFFF\u00bb module_alignment=\u00bbleft\u00bb custom_margin=\u00bb||0px|||\u00bb animation_style=\u00bbslide\u00bb animation_direction=\u00bbtop\u00bb link_option_url=\u00bbhttps:\/\/ateneumanises.com\/es\/matricula\/\u00bb global_colors_info=\u00bb{}\u00bb content__hover_enabled=\u00bbon|hover\u00bb content__hover=\u00bb     \u2022\tMatr\u00edcula\u00bb background__hover_enabled=\u00bbon|desktop\u00bb background_color__hover=\u00bb#FFFFFF\u00bb background_enable_color__hover=\u00bbon\u00bb border_radii__hover_enabled=\u00bbon|hover\u00bb border_radii__hover=\u00bbon|20px|20px|20px|20px\u00bb text_text_color__hover_enabled=\u00bbon|hover\u00bb text_text_color__hover=\u00bb#5A64ED\u00bb background_layout__hover_enabled=\u00bbon|hover\u00bb background_layout__hover=\u00bbdark\u00bb]     \u2022\tMatr\u00edcula[\/et_pb_text][et_pb_text _builder_version=\u00bb4.25.0&#8243; text_line_height=\u00bb1.6em\u00bb background_color=\u00bb#FFFFFF\u00bb module_alignment=\u00bbleft\u00bb custom_margin=\u00bb||0px|||\u00bb animation_style=\u00bbslide\u00bb animation_direction=\u00bbtop\u00bb link_option_url=\u00bbhttps:\/\/ateneumanises.com\/es\/wp-content\/uploads\/2022\/12\/Reglamento-Regimen-Interior.pdf\u00bb link_option_url_new_window=\u00bbon\u00bb global_colors_info=\u00bb{}\u00bb content__hover_enabled=\u00bbon|hover\u00bb content__hover=\u00bb     \u2022\tNormativa del Centro\u00bb background__hover_enabled=\u00bbon|desktop\u00bb background_color__hover=\u00bb#FFFFFF\u00bb background_enable_color__hover=\u00bbon\u00bb border_radii__hover_enabled=\u00bbon|hover\u00bb border_radii__hover=\u00bbon|20px|20px|20px|20px\u00bb text_text_color__hover_enabled=\u00bbon|hover\u00bb text_text_color__hover=\u00bb#5A64ED\u00bb background_layout__hover_enabled=\u00bbon|hover\u00bb background_layout__hover=\u00bbdark\u00bb]\u2022\tNormativa del Centro[\/et_pb_text][et_pb_text _builder_version=\u00bb4.25.0&#8243; text_line_height=\u00bb1.6em\u00bb background_color=\u00bb#FFFFFF\u00bb module_alignment=\u00bbleft\u00bb custom_margin=\u00bb||0px|||\u00bb animation_style=\u00bbslide\u00bb animation_direction=\u00bbtop\u00bb link_option_url=\u00bbhttps:\/\/ateneumanises.com\/es\/wp-content\/uploads\/2023\/01\/PEC-AMAR-Ateneu_Manises.pdf\u00bb link_option_url_new_window=\u00bbon\u00bb global_colors_info=\u00bb{}\u00bb content__hover_enabled=\u00bbon|hover\u00bb content__hover=\u00bb     \u2022\tProyecto Educativo\u00bb background__hover_enabled=\u00bbon|desktop\u00bb background_color__hover=\u00bb#FFFFFF\u00bb background_enable_color__hover=\u00bbon\u00bb border_radii__hover_enabled=\u00bbon|hover\u00bb border_radii__hover=\u00bbon|20px|20px|20px|20px\u00bb text_text_color__hover_enabled=\u00bbon|hover\u00bb text_text_color__hover=\u00bb#5A64ED\u00bb background_layout__hover_enabled=\u00bbon|hover\u00bb background_layout__hover=\u00bbdark\u00bb]\u2022\tProyecto Educativo[\/et_pb_text][et_pb_text _builder_version=\u00bb4.25.0&#8243; text_line_height=\u00bb1.6em\u00bb background_color=\u00bb#FFFFFF\u00bb module_alignment=\u00bbleft\u00bb custom_margin=\u00bb||0px|||\u00bb animation_style=\u00bbslide\u00bb animation_direction=\u00bbtop\u00bb link_option_url=\u00bbhttps:\/\/ateneumanises.com\/es\/wp-content\/uploads\/2024\/05\/Dec\u00e1logo-Final-1.pdf\u00bb link_option_url_new_window=\u00bbon\u00bb global_colors_info=\u00bb{}\u00bb content__hover_enabled=\u00bbon|hover\u00bb content__hover=\u00bb     \u2022\tDec\u00e1logo\u00bb background__hover_enabled=\u00bbon|desktop\u00bb background_color__hover=\u00bb#FFFFFF\u00bb background_enable_color__hover=\u00bbon\u00bb border_radii__hover_enabled=\u00bbon|hover\u00bb border_radii__hover=\u00bbon|20px|20px|20px|20px\u00bb text_text_color__hover_enabled=\u00bbon|hover\u00bb text_text_color__hover=\u00bb#5A64ED\u00bb background_layout__hover_enabled=\u00bbon|hover\u00bb background_layout__hover=\u00bbdark\u00bb]\u2022\tDec\u00e1logo[\/et_pb_text][et_pb_text _builder_version=\u00bb4.25.0&#8243; custom_padding=\u00bb36px|||||\u00bb global_colors_info=\u00bb{}\u00bb]<\/p>\n<p><span style=\"color: #3366ff;\"><em>Legislaci\u00f3n espec\u00edfica<\/em><\/span><\/p>\n<p><span style=\"color: #3366ff;\"><em>Espacio de difusi\u00f3n Musical y Cultural<\/em><\/span><\/p>\n<p><span style=\"color: #3366ff;\"><em>Idiosincrasia Propia<\/em><\/span><\/p>\n<p><span style=\"color: #3366ff;\"><em>Vocaci\u00f3n de Servicio P\u00fablico<\/em><\/span><\/p>\n<p>[\/et_pb_text][\/et_pb_column][\/et_pb_row][et_pb_row column_structure=\u00bb1_2,1_2&#8243; _builder_version=\u00bb4.25.0&#8243; hover_enabled=\u00bb0&#8243; global_colors_info=\u00bb{}\u00bb custom_margin_last_edited=\u00bbon|tablet\u00bb sticky_enabled=\u00bb0&#8243; disabled_on=\u00bboff|off|on\u00bb][et_pb_column type=\u00bb1_2&#8243; _builder_version=\u00bb4.16&#8243; global_colors_info=\u00bb{}\u00bb][et_pb_text _builder_version=\u00bb4.25.0&#8243; text_font_size=\u00bb16px\u00bb hover_enabled=\u00bb0&#8243; global_colors_info=\u00bb{}\u00bb custom_margin_last_edited=\u00bbon|phone\u00bb sticky_enabled=\u00bb0&#8243;]<\/p>\n<p style=\"text-align: justify;\">Si la creatividad es tu fuerte, si te interesan las diversas manifestaciones art\u00edsticas y te apasiona la m\u00fasica, el teatro, la danza, etc., entonces el Ateneu Manises es para ti. Aqu\u00ed conviven varios lenguajes relacionados en las m\u00faltiples disciplinas, las cuales se vinculan a partir de la teor\u00eda y la pr\u00e1ctica desde el minuto uno de tu aprendizaje.<\/p>\n<p>[\/et_pb_text][\/et_pb_column][et_pb_column type=\u00bb1_2&#8243; _builder_version=\u00bb4.16&#8243; global_colors_info=\u00bb{}\u00bb][et_pb_text _builder_version=\u00bb4.25.0&#8243; text_line_height=\u00bb1.6em\u00bb background_color=\u00bb#FFFFFF\u00bb module_alignment=\u00bbleft\u00bb custom_margin=\u00bb||0px|75px|false|false\u00bb animation_style=\u00bbslide\u00bb animation_direction=\u00bbtop\u00bb link_option_url=\u00bbhttps:\/\/ateneumanises.com\/es\/matricula\/\u00bb hover_enabled=\u00bb0&#8243; global_colors_info=\u00bb{}\u00bb content__hover_enabled=\u00bbon|hover\u00bb content__hover=\u00bb     \u2022\tMatr\u00edcula\u00bb background__hover_enabled=\u00bbon|desktop\u00bb background_color__hover=\u00bb#FFFFFF\u00bb background_enable_color__hover=\u00bbon\u00bb border_radii__hover_enabled=\u00bbon|hover\u00bb border_radii__hover=\u00bbon|20px|20px|20px|20px\u00bb text_text_color__hover_enabled=\u00bbon|hover\u00bb text_text_color__hover=\u00bb#5A64ED\u00bb background_layout__hover_enabled=\u00bbon|hover\u00bb background_layout__hover=\u00bbdark\u00bb sticky_enabled=\u00bb0&#8243; text_font_size=\u00bb15px\u00bb]<\/p>\n<p><span style=\"color: #3366ff;\">\u2022 Matr\u00edcula<\/span><\/p>\n<p>[\/et_pb_text][et_pb_text _builder_version=\u00bb4.25.0&#8243; text_line_height=\u00bb1.6em\u00bb background_color=\u00bb#FFFFFF\u00bb module_alignment=\u00bbleft\u00bb custom_margin=\u00bb||0px|75px|false|false\u00bb animation_style=\u00bbslide\u00bb animation_direction=\u00bbtop\u00bb link_option_url=\u00bbhttps:\/\/ateneumanises.com\/es\/wp-content\/uploads\/2022\/12\/Reglamento-Regimen-Interior.pdf\u00bb link_option_url_new_window=\u00bbon\u00bb hover_enabled=\u00bb0&#8243; global_colors_info=\u00bb{}\u00bb content__hover_enabled=\u00bbon|hover\u00bb content__hover=\u00bb     \u2022\tNormativa del Centro\u00bb background__hover_enabled=\u00bbon|desktop\u00bb background_color__hover=\u00bb#FFFFFF\u00bb background_enable_color__hover=\u00bbon\u00bb border_radii__hover_enabled=\u00bbon|hover\u00bb border_radii__hover=\u00bbon|20px|20px|20px|20px\u00bb text_text_color__hover_enabled=\u00bbon|hover\u00bb text_text_color__hover=\u00bb#5A64ED\u00bb background_layout__hover_enabled=\u00bbon|hover\u00bb background_layout__hover=\u00bbdark\u00bb sticky_enabled=\u00bb0&#8243; text_font_size=\u00bb15px\u00bb]<\/p>\n<p><span style=\"color: #3366ff;\">\u2022 Normativa del Centro<\/span><\/p>\n<p>[\/et_pb_text][et_pb_text _builder_version=\u00bb4.25.0&#8243; text_line_height=\u00bb1.6em\u00bb background_color=\u00bb#FFFFFF\u00bb module_alignment=\u00bbleft\u00bb custom_margin=\u00bb||0px|32px|false|false\u00bb animation_style=\u00bbslide\u00bb animation_direction=\u00bbtop\u00bb link_option_url=\u00bbhttps:\/\/ateneumanises.com\/es\/wp-content\/uploads\/2023\/01\/PEC-AMAR-Ateneu_Manises.pdf\u00bb link_option_url_new_window=\u00bbon\u00bb hover_enabled=\u00bb0&#8243; global_colors_info=\u00bb{}\u00bb content__hover_enabled=\u00bbon|hover\u00bb content__hover=\u00bb     \u2022\tProyecto Educativo\u00bb background__hover_enabled=\u00bbon|desktop\u00bb background_color__hover=\u00bb#FFFFFF\u00bb background_enable_color__hover=\u00bbon\u00bb border_radii__hover_enabled=\u00bbon|hover\u00bb border_radii__hover=\u00bbon|20px|20px|20px|20px\u00bb text_text_color__hover_enabled=\u00bbon|hover\u00bb text_text_color__hover=\u00bb#5A64ED\u00bb background_layout__hover_enabled=\u00bbon|hover\u00bb background_layout__hover=\u00bbdark\u00bb sticky_enabled=\u00bb0&#8243; text_font_size=\u00bb15px\u00bb custom_margin_last_edited=\u00bbon|tablet\u00bb custom_margin_tablet=\u00bb|||75px|false|false\u00bb custom_margin_phone=\u00bb|||75px|false|false\u00bb]<\/p>\n<p><span style=\"color: #3366ff;\">\u2022 Proyecto Educativo<\/span><\/p>\n<p>[\/et_pb_text][et_pb_text _builder_version=\u00bb4.25.0&#8243; text_line_height=\u00bb1.6em\u00bb background_color=\u00bb#FFFFFF\u00bb module_alignment=\u00bbleft\u00bb custom_margin=\u00bb||0px|||\u00bb animation_style=\u00bbslide\u00bb animation_direction=\u00bbtop\u00bb link_option_url=\u00bbhttps:\/\/ateneumanises.com\/es\/wp-content\/uploads\/2024\/05\/Dec\u00e1logo-Final-1.pdf\u00bb link_option_url_new_window=\u00bbon\u00bb hover_enabled=\u00bb0&#8243; global_colors_info=\u00bb{}\u00bb content__hover_enabled=\u00bbon|hover\u00bb content__hover=\u00bb     \u2022\tDec\u00e1logo\u00bb background__hover_enabled=\u00bbon|desktop\u00bb background_color__hover=\u00bb#FFFFFF\u00bb background_enable_color__hover=\u00bbon\u00bb border_radii__hover_enabled=\u00bbon|hover\u00bb border_radii__hover=\u00bbon|20px|20px|20px|20px\u00bb text_text_color__hover_enabled=\u00bbon|hover\u00bb text_text_color__hover=\u00bb#5A64ED\u00bb background_layout__hover_enabled=\u00bbon|hover\u00bb background_layout__hover=\u00bbdark\u00bb sticky_enabled=\u00bb0&#8243; custom_margin_last_edited=\u00bbon|tablet\u00bb custom_margin_tablet=\u00bb|||75px|false|false\u00bb text_font_size=\u00bb15px\u00bb custom_margin_phone=\u00bb|||75px|false|false\u00bb]<\/p>\n<p><span style=\"color: #3366ff;\">\u2022 Dec\u00e1logo<\/span><\/p>\n<p>[\/et_pb_text][\/et_pb_column][\/et_pb_row][et_pb_row column_structure=\u00bb1_3,1_3,1_3&#8243; _builder_version=\u00bb4.25.0&#8243; hover_enabled=\u00bb0&#8243; global_colors_info=\u00bb{}\u00bb disabled_on=\u00bbon|on|off\u00bb sticky_enabled=\u00bb0&#8243;][et_pb_column type=\u00bb1_3&#8243; _builder_version=\u00bb4.16&#8243; global_colors_info=\u00bb{}\u00bb][et_pb_image src=\u00bbhttps:\/\/ateneumanises.com\/es\/wp-content\/uploads\/2024\/05\/P\u00e1gina-Web-infantil-30.jpg\u00bb title_text=\u00bbP\u00e1gina Web fotos cursor encima-33&#8243; url=\u00bbhttps:\/\/ateneumanises.com\/es\/wp-content\/uploads\/2024\/05\/Folleto-Ateneu-Ense\u00f1anza-Infantil-y-Beb\u00e9s-comprimido.pdf\u00bb _builder_version=\u00bb4.25.0&#8243; min_height=\u00bb417px\u00bb global_colors_info=\u00bb{}\u00bb src__hover_enabled=\u00bbon|desktop\u00bb src__hover=\u00bbhttps:\/\/ateneumanises.com\/es\/wp-content\/uploads\/2024\/05\/Pagina-Web-fotos-cursor-encima-33.jpg\u00bb][\/et_pb_image][\/et_pb_column][et_pb_column type=\u00bb1_3&#8243; _builder_version=\u00bb4.16&#8243; global_colors_info=\u00bb{}\u00bb][et_pb_image src=\u00bbhttps:\/\/ateneumanises.com\/es\/wp-content\/uploads\/2024\/05\/fotos-web-31.jpg\u00bb title_text=\u00bbP\u00e1gina Web fotos cursor encima-34&#8243; url=\u00bbhttps:\/\/ateneumanises.com\/es\/wp-content\/uploads\/2024\/05\/Folleto-Ateneu-Ense\u00f1anza-Elemental-Comprimido.pdf\u00bb _builder_version=\u00bb4.25.0&#8243; min_height=\u00bb417px\u00bb global_colors_info=\u00bb{}\u00bb src__hover_enabled=\u00bbon|hover\u00bb src__hover=\u00bbhttps:\/\/ateneumanises.com\/es\/wp-content\/uploads\/2024\/05\/Pagina-Web-fotos-cursor-encima-34.jpg\u00bb][\/et_pb_image][\/et_pb_column][et_pb_column type=\u00bb1_3&#8243; _builder_version=\u00bb4.16&#8243; global_colors_info=\u00bb{}\u00bb][et_pb_image src=\u00bbhttps:\/\/ateneumanises.com\/es\/wp-content\/uploads\/2024\/05\/fotos-web-32.jpg\u00bb title_text=\u00bbP\u00e1gina Web fotos cursor encima-35&#8243; url=\u00bbhttps:\/\/ateneumanises.com\/es\/wp-content\/uploads\/2024\/05\/Folleto-Ateneu-Ense\u00f1anza-Profesional-comprimido.pdf\u00bb _builder_version=\u00bb4.25.0&#8243; custom_padding=\u00bb||6px|||\u00bb global_colors_info=\u00bb{}\u00bb src__hover_enabled=\u00bbon|hover\u00bb src__hover=\u00bbhttps:\/\/ateneumanises.com\/es\/wp-content\/uploads\/2024\/05\/Pagina-Web-fotos-cursor-encima-35.jpg\u00bb][\/et_pb_image][\/et_pb_column][\/et_pb_row][et_pb_row column_structure=\u00bb1_3,1_3,1_3&#8243; _builder_version=\u00bb4.25.0&#8243; hover_enabled=\u00bb0&#8243; global_colors_info=\u00bb{}\u00bb disabled_on=\u00bboff|off|on\u00bb sticky_enabled=\u00bb0&#8243;][et_pb_column type=\u00bb1_3&#8243; _builder_version=\u00bb4.16&#8243; global_colors_info=\u00bb{}\u00bb][et_pb_image src=\u00bbhttps:\/\/ateneumanises.com\/es\/wp-content\/uploads\/2024\/05\/P\u00e1gina-Web-infantil-30.jpg\u00bb title_text=\u00bbP\u00e1gina Web fotos cursor encima-33&#8243; url=\u00bbhttps:\/\/ateneumanises.com\/es\/wp-content\/uploads\/2024\/05\/Folleto-Ateneu-Ense\u00f1anza-Infantil-y-Beb\u00e9s-comprimido.pdf\u00bb _builder_version=\u00bb4.25.0&#8243; min_height=\u00bb417px\u00bb hover_enabled=\u00bb0&#8243; global_colors_info=\u00bb{}\u00bb src__hover_enabled=\u00bbon|desktop\u00bb src__hover=\u00bbhttps:\/\/ateneumanises.com\/es\/wp-content\/uploads\/2024\/05\/Pagina-Web-fotos-cursor-encima-33.jpg\u00bb align=\u00bbcenter\u00bb align_last_edited=\u00bbon|tablet\u00bb sticky_enabled=\u00bb0&#8243; align_tablet=\u00bbcenter\u00bb align_phone=\u00bbcenter\u00bb][\/et_pb_image][\/et_pb_column][et_pb_column type=\u00bb1_3&#8243; _builder_version=\u00bb4.16&#8243; global_colors_info=\u00bb{}\u00bb][et_pb_image src=\u00bbhttps:\/\/ateneumanises.com\/es\/wp-content\/uploads\/2024\/05\/fotos-web-31.jpg\u00bb title_text=\u00bbP\u00e1gina Web fotos cursor encima-34&#8243; url=\u00bbhttps:\/\/ateneumanises.com\/es\/wp-content\/uploads\/2024\/05\/Folleto-Ateneu-Ense\u00f1anza-Elemental-Comprimido.pdf\u00bb _builder_version=\u00bb4.25.0&#8243; min_height=\u00bb417px\u00bb hover_enabled=\u00bb0&#8243; global_colors_info=\u00bb{}\u00bb src__hover_enabled=\u00bbon|hover\u00bb src__hover=\u00bbhttps:\/\/ateneumanises.com\/es\/wp-content\/uploads\/2024\/05\/Pagina-Web-fotos-cursor-encima-34.jpg\u00bb align=\u00bbcenter\u00bb sticky_enabled=\u00bb0&#8243;][\/et_pb_image][\/et_pb_column][et_pb_column type=\u00bb1_3&#8243; _builder_version=\u00bb4.16&#8243; global_colors_info=\u00bb{}\u00bb][et_pb_image src=\u00bbhttps:\/\/ateneumanises.com\/es\/wp-content\/uploads\/2024\/05\/fotos-web-32.jpg\u00bb title_text=\u00bbP\u00e1gina Web fotos cursor encima-35&#8243; url=\u00bbhttps:\/\/ateneumanises.com\/es\/wp-content\/uploads\/2024\/05\/Folleto-Ateneu-Ense\u00f1anza-Profesional-comprimido.pdf\u00bb _builder_version=\u00bb4.25.0&#8243; custom_padding=\u00bb||6px|||\u00bb hover_enabled=\u00bb0&#8243; global_colors_info=\u00bb{}\u00bb src__hover_enabled=\u00bbon|hover\u00bb src__hover=\u00bbhttps:\/\/ateneumanises.com\/es\/wp-content\/uploads\/2024\/05\/Pagina-Web-fotos-cursor-encima-35.jpg\u00bb align=\u00bbcenter\u00bb sticky_enabled=\u00bb0&#8243;][\/et_pb_image][\/et_pb_column][\/et_pb_row][\/et_pb_section]<\/p>\n","protected":false},"excerpt":{"rendered":"<p>Paradigma y referente desde 2008ESCUELALa escuela de m\u00fasica, danza y teatro del s.XXISi la creatividad es tu fuerte, si te interesan las diversas manifestaciones art\u00edsticas y te apasiona la m\u00fasica, el teatro, la danza, etc., entonces el Ateneu Manises es para ti. Aqu\u00ed conviven varios lenguajes relacionados en las m\u00faltiples disciplinas, las cuales se vinculan [&hellip;]<\/p>\n","protected":false},"author":1,"featured_media":0,"parent":0,"menu_order":0,"comment_status":"closed","ping_status":"closed","template":"","meta":{"_et_pb_use_builder":"on","_et_pb_old_content":"","_et_gb_content_width":"","footnotes":""},"class_list":["post-7229","page","type-page","status-publish","hentry"],"_links":{"self":[{"href":"https:\/\/ateneumanises.com\/es\/wp-json\/wp\/v2\/pages\/7229","targetHints":{"allow":["GET"]}}],"collection":[{"href":"https:\/\/ateneumanises.com\/es\/wp-json\/wp\/v2\/pages"}],"about":[{"href":"https:\/\/ateneumanises.com\/es\/wp-json\/wp\/v2\/types\/page"}],"author":[{"embeddable":true,"href":"https:\/\/ateneumanises.com\/es\/wp-json\/wp\/v2\/users\/1"}],"replies":[{"embeddable":true,"href":"https:\/\/ateneumanises.com\/es\/wp-json\/wp\/v2\/comments?post=7229"}],"version-history":[{"count":28,"href":"https:\/\/ateneumanises.com\/es\/wp-json\/wp\/v2\/pages\/7229\/revisions"}],"predecessor-version":[{"id":8303,"href":"https:\/\/ateneumanises.com\/es\/wp-json\/wp\/v2\/pages\/7229\/revisions\/8303"}],"wp:attachment":[{"href":"https:\/\/ateneumanises.com\/es\/wp-json\/wp\/v2\/media?parent=7229"}],"curies":[{"name":"wp","href":"https:\/\/api.w.org\/{rel}","templated":true}]}}